{"id":9263,"date":"2018-01-25T14:53:43","date_gmt":"2018-01-25T13:53:43","guid":{"rendered":"http:\/\/www.delta-2000.com\/?page_id=9263"},"modified":"2020-06-23T14:40:39","modified_gmt":"2020-06-23T12:40:39","slug":"lambris-stratifie-cleanroom","status":"publish","type":"page","link":"https:\/\/www.delta-2000.com\/fr\/murs-pour-chambres-blanches\/lambris-stratifie-cleanroom\/","title":{"rendered":"Panneau lam\u00e9 cleanroom"},"content":{"rendered":"<p>[vc_row][vc_column width=\u00a0\u00bb3\/4&Prime;][vc_single_image image=\u00a0\u00bb7603&Prime; img_size=\u00a0\u00bbfull\u00a0\u00bb][vc_column_text]<\/p>\n<h1 style=\"color: #008c67; text-align: center;\">PANNEAU STRATIFI\u00c9<\/h1>\n<p>[\/vc_column_text][vc_column_text]Les <strong>panneaux stratifi\u00e9s<\/strong> utilis\u00e9s par Delta2000 pour la production des <strong>salles blanches<\/strong> peuvent \u00eatre pos\u00e9s sur les murs, les plafonds, les portes et les planchers.<\/p>\n<p>Les <strong>panneaux en stratifi\u00e9<\/strong> sont compos\u00e9s d\u2019un cadre sur quatre c\u00f4t\u00e9s en aluminium extrud\u00e9 structur\u00e9 et d\u2019un rev\u00eatement en stratifi\u00e9 plastique d\u00e9cor simple, auto extinction classe 1 de 4 mm d\u2019\u00e9paisseur. Selon les exigences de conception, les mat\u00e9riaux isolants interpos\u00e9s entre les deux feuilles de stratifi\u00e9 peuvent \u00eatre:<\/p>\n<p>caract\u00e9ris\u00e9s par une vaste s\u00e9rie de particularit\u00e9 et d\u2019avantages qui les rendent id\u00e9aux pour la <strong>production de salles blanches professionnelles<\/strong>. Parmi ceux-ci, citons:<\/p>\n<ul>\n<li>Un entretien r\u00e9duit\u00a0;<\/li>\n<li>Une r\u00e9sistance aux chocs et \u00e0 l\u2019usure consid\u00e9rable\u00a0;<\/li>\n<li>Une bonne long\u00e9vit\u00e9\u00a0;<\/li>\n<li>L\u2019absence de variation de couleur.<\/li>\n<\/ul>\n<p>Les <strong>panneaux en stratifi\u00e9 plastique<\/strong> sont compos\u00e9s d\u2019une couche protectrice externe impr\u00e9gn\u00e9e de r\u00e9sine m\u00e9laminique, mieux connue comme overlay, qui peut avoir diff\u00e9rentes couleurs et finitions. La r\u00e9sine m\u00e9laminique est une r\u00e9sine de synth\u00e8se thermodurcissable qu\u2019on obtient gr\u00e2ce \u00e0 la polycondensation du formald\u00e9hyde avec la m\u00e9lamine. Inodore et incolore, elle offre une excellente r\u00e9sistance \u00e0 l\u2019eau, \u00e0 l\u2019abrasion, aux agents chimiques et \u00e0 la chaleur et elle est caract\u00e9ris\u00e9e per une remarquable transparence aux radiations lumineuses.<\/p>\n<p>Le <strong>panneau en stratifi\u00e9 plastique m\u00e9laminique<\/strong> a \u00e9galement des caract\u00e9ristiques qui le rendent parfait pour la <strong>production de salles blanches professionnelles<\/strong> destin\u00e9es \u00e0 de nombreuses industries: chimique, pharmaceutique, alimentaire, biom\u00e9dicale, \u00e9lectronique.[\/vc_column_text][vc_row_inner css=\u00a0\u00bb.vc_custom_1475175142247{border-bottom-width: 1px !important;padding-bottom: 35px !important;border-bottom-color: #e5e5e5 !important;border-bottom-style: solid !important;}\u00a0\u00bb][vc_column_inner width=\u00a0\u00bb1\/4&Prime;][vc_single_image image=\u00a0\u00bb9863&Prime; img_size=\u00a0\u00bbfull\u00a0\u00bb][\/vc_column_inner][vc_column_inner width=\u00a0\u00bb3\/4&Prime;][vc_column_text css=\u00a0\u00bb.vc_custom_1542625819917{margin-bottom: 15px !important;}\u00a0\u00bb]<\/p>\n<h3 style=\"color: #008c67; font-size: 16px; font-weight: 500;\">PANNEAU STRATIFI\u00c9\/POLYSTYR\u00c8NE<\/h3>\n<p>Cloisons modulaires compos\u00e9es de panneaux r\u00e9alis\u00e9s avec cadre interne en aluminium extrud\u00e9 brut (\u00e9paisseur 2 mm), isolation en <strong>polystyr\u00e8ne<\/strong>, rev\u00eatement externe en stratifi\u00e9 plastique m\u00e9laminique (\u00e9paisseur 4 mm) en Euroclasse B, s1-d0, \u00e9paisseur totale du panneau : 48 mm, raccords verticaux avec profil\u00e9s int\u00e9gr\u00e9s en H en aluminium extrud\u00e9 brut (\u00e9paisseur 2 mm), joints de 4 mm entre les panneaux mastiqu\u00e9s avec du mastic de silicone, profil\u00e9s d\u2019ancrage pour rev\u00eatement de sol existant en aluminium brut.[\/vc_column_text][button type=\u00a0\u00bbrd_stroke_bt\u00a0\u00bb t_color=\u00a0\u00bb#008c67&Prime; b_color=\u00a0\u00bb#ffffff\u00a0\u00bb t_hover_color=\u00a0\u00bb#ffffff\u00a0\u00bb b_hover_color=\u00a0\u00bb#008c67&Prime; font_weight=\u00a0\u00bb700&Prime; url=\u00a0\u00bbhttps:\/\/www.delta-2000.com\/fr\/demander-la-fiche-technique\/\u00a0\u00bb ex_class=\u00a0\u00bbbottone-verde\u00a0\u00bb]DEMANDER LA FICHE TECHNIQUE[\/button][\/vc_column_inner][\/vc_row_inner][vc_row_inner css=\u00a0\u00bb.vc_custom_1475175142247{border-bottom-width: 1px !important;padding-bottom: 35px !important;border-bottom-color: #e5e5e5 !important;border-bottom-style: solid !important;}\u00a0\u00bb][vc_column_inner width=\u00a0\u00bb1\/4&Prime;][vc_single_image image=\u00a0\u00bb9864&Prime; img_size=\u00a0\u00bbfull\u00a0\u00bb][\/vc_column_inner][vc_column_inner width=\u00a0\u00bb3\/4&Prime;][vc_column_text css=\u00a0\u00bb.vc_custom_1542625876362{margin-bottom: 15px !important;}\u00a0\u00bb]<\/p>\n<h3 style=\"color: #008c67; font-size: 16px; font-weight: 500;\">PANNEAU STRATIFI\u00c9\/LAINE DE ROCHE<\/h3>\n<p>Cloisons modulaires compos\u00e9es de panneaux r\u00e9alis\u00e9s avec cadre interne en aluminium extrud\u00e9 brut (\u00e9paisseur 2 mm), isolation en <strong>laine de roche<\/strong>, rev\u00eatement externe en stratifi\u00e9 plastique m\u00e9laminique (\u00e9paisseur 4 mm) en Euroclasse B, s1-d0, \u00e9paisseur totale du panneau: 48 mm, raccords verticaux avec profil\u00e9s int\u00e9gr\u00e9s en H en aluminium extrud\u00e9 brut (\u00e9paisseur 2 mm), joints de 4 mm entre les panneaux mastiqu\u00e9s avec du mastic de silicone, profil\u00e9s d\u2019ancrage pour rev\u00eatement de sol existant en aluminium brut.[\/vc_column_text][button type=\u00a0\u00bbrd_stroke_bt\u00a0\u00bb t_color=\u00a0\u00bb#008c67&Prime; b_color=\u00a0\u00bb#ffffff\u00a0\u00bb t_hover_color=\u00a0\u00bb#ffffff\u00a0\u00bb b_hover_color=\u00a0\u00bb#008c67&Prime; font_weight=\u00a0\u00bb700&Prime; url=\u00a0\u00bbhttps:\/\/www.delta-2000.com\/fr\/demander-la-fiche-technique\/\u00a0\u00bb ex_class=\u00a0\u00bbbottone-verde\u00a0\u00bb]DEMANDER LA FICHE TECHNIQUE[\/button][\/vc_column_inner][\/vc_row_inner][vc_row_inner css=\u00a0\u00bb.vc_custom_1475175142247{border-bottom-width: 1px !important;padding-bottom: 35px !important;border-bottom-color: #e5e5e5 !important;border-bottom-style: solid !important;}\u00a0\u00bb][vc_column_inner width=\u00a0\u00bb1\/4&Prime;][vc_single_image image=\u00a0\u00bb9862&Prime; img_size=\u00a0\u00bbfull\u00a0\u00bb][\/vc_column_inner][vc_column_inner width=\u00a0\u00bb3\/4&Prime;][vc_column_text css=\u00a0\u00bb.vc_custom_1592915952828{margin-bottom: 15px !important;}\u00a0\u00bb]<\/p>\n<h3 style=\"color: #008c67; font-size: 16px; font-weight: 500;\">PANNEAU STRATIFI\u00c9\/ALUMINIUM ALV\u00c9OL\u00c9\/ALUMINIUM EN T\u00d4LE TRAP\u00c9ZO\u00cfDALE<\/h3>\n<p>Parois modulaires compos\u00e9es de panneaux avec cadre int\u00e9rieur en aluminium extrud\u00e9 brut de 2 mm d&rsquo;\u00e9paisseur, <strong>isolation alv\u00e9olaire\/feuille trap\u00e9zo\u00efdale en aluminium<\/strong>, rev\u00eatement ext\u00e9rieur en stratifi\u00e9 plastique m\u00e9lamin\u00e9 de 4 mm d&rsquo;\u00e9paisseur de classe Euro B, s1-d0, \u00e9paisseur totale des panneaux 48 mm, raccords verticaux avec profil\u00e9s en H dissimul\u00e9s en aluminium extrud\u00e9 brut de 2 mm d&rsquo;\u00e9paisseur, joints entre les panneaux de 4 mm de large silicon\u00e9s avec du mastic silicone, profils d&rsquo;ancrage au sol existant en aluminium brut.[\/vc_column_text][button type=\u00a0\u00bbrd_stroke_bt\u00a0\u00bb t_color=\u00a0\u00bb#008c67&Prime; b_color=\u00a0\u00bb#ffffff\u00a0\u00bb t_hover_color=\u00a0\u00bb#ffffff\u00a0\u00bb b_hover_color=\u00a0\u00bb#008c67&Prime; font_weight=\u00a0\u00bb700&Prime; url=\u00a0\u00bbhttps:\/\/www.delta-2000.com\/fr\/demander-la-fiche-technique\/\u00a0\u00bb ex_class=\u00a0\u00bbbottone-verde\u00a0\u00bb]DEMANDER LA FICHE TECHNIQUE[\/button][\/vc_column_inner][\/vc_row_inner][\/vc_column][vc_column width=\u00a0\u00bb1\/4&Prime;][vc_widget_sidebar sidebar_id=\u00a0\u00bbthefox_prodotti\u00a0\u00bb][\/vc_column][\/vc_row]<\/p>\n","protected":false},"excerpt":{"rendered":"<p>[vc_row][vc_column width=\u00a0\u00bb3\/4&Prime;][vc_single_image image=\u00a0\u00bb7603&Prime; img_size=\u00a0\u00bbfull\u00a0\u00bb][vc_column_text] PANNEAU STRATIFI\u00c9 [\/vc_column_text][vc_column_text]Les panneaux stratifi\u00e9s utilis\u00e9s par Delta2000 pour la production des salles blanches peuvent \u00eatre pos\u00e9s sur les murs, les plafonds, les portes et les planchers. Les panneaux en stratifi\u00e9 sont compos\u00e9s d\u2019un cadre sur quatre c\u00f4t\u00e9s en aluminium extrud\u00e9 structur\u00e9 et d\u2019un rev\u00eatement en stratifi\u00e9 plastique d\u00e9cor simple, auto [&hellip;]<\/p>\n","protected":false},"author":4,"featured_media":0,"parent":9259,"menu_order":0,"comment_status":"closed","ping_status":"closed","template":"","meta":{"content-type":"","mapsvg_location":"","footnotes":""},"class_list":["post-9263","page","type-page","status-publish","hentry"],"yoast_head":"<!-- This site is optimized with the Yoast SEO Premium plugin v27.5 (Yoast SEO v27.5) - https:\/\/yoast.com\/product\/yoast-seo-premium-wordpress\/ -->\n<title>Panneau lam\u00e9 cleanroom I DELTA 2000<\/title>\n<meta name=\"description\" content=\"Panneau lam\u00e9 cleanroom I DELTA 2000 production des panneaus en lam\u00e9 pour les parois des chambres blanches.Production made en Italie.\" \/>\n<meta name=\"robots\" content=\"index, follow, max-snippet:-1, max-image-preview:large, max-video-preview:-1\" \/>\n<link rel=\"canonical\" href=\"https:\/\/www.delta-2000.com\/fr\/murs-pour-chambres-blanches\/lambris-stratifie-cleanroom\/\" \/>\n<meta property=\"og:locale\" content=\"fr_FR\" \/>\n<meta property=\"og:type\" content=\"article\" \/>\n<meta property=\"og:title\" content=\"Panneau lam\u00e9 cleanroom\" \/>\n<meta property=\"og:description\" content=\"Panneau lam\u00e9 cleanroom I DELTA 2000 production des panneaus en lam\u00e9 pour les parois des chambres blanches.Production made en Italie.\" \/>\n<meta property=\"og:url\" content=\"https:\/\/www.delta-2000.com\/fr\/murs-pour-chambres-blanches\/lambris-stratifie-cleanroom\/\" \/>\n<meta property=\"og:site_name\" content=\"Delta 2000\" \/>\n<meta property=\"article:modified_time\" content=\"2020-06-23T12:40:39+00:00\" \/>\n<meta name=\"twitter:card\" content=\"summary_large_image\" \/>\n<meta name=\"twitter:label1\" content=\"Dur\u00e9e de lecture estim\u00e9e\" \/>\n\t<meta name=\"twitter:data1\" content=\"4 minutes\" \/>\n<script type=\"application\/ld+json\" class=\"yoast-schema-graph\">{\"@context\":\"https:\\\/\\\/schema.org\",\"@graph\":[{\"@type\":\"WebPage\",\"@id\":\"https:\\\/\\\/www.delta-2000.com\\\/fr\\\/murs-pour-chambres-blanches\\\/lambris-stratifie-cleanroom\\\/\",\"url\":\"https:\\\/\\\/www.delta-2000.com\\\/fr\\\/murs-pour-chambres-blanches\\\/lambris-stratifie-cleanroom\\\/\",\"name\":\"Panneau lam\u00e9 cleanroom I DELTA 2000\",\"isPartOf\":{\"@id\":\"https:\\\/\\\/www.delta-2000.com\\\/fr\\\/#website\"},\"datePublished\":\"2018-01-25T13:53:43+00:00\",\"dateModified\":\"2020-06-23T12:40:39+00:00\",\"description\":\"Panneau lam\u00e9 cleanroom I DELTA 2000 production des panneaus en lam\u00e9 pour les parois des chambres blanches.Production made en Italie.\",\"breadcrumb\":{\"@id\":\"https:\\\/\\\/www.delta-2000.com\\\/fr\\\/murs-pour-chambres-blanches\\\/lambris-stratifie-cleanroom\\\/#breadcrumb\"},\"inLanguage\":\"fr-FR\",\"potentialAction\":[{\"@type\":\"ReadAction\",\"target\":[\"https:\\\/\\\/www.delta-2000.com\\\/fr\\\/murs-pour-chambres-blanches\\\/lambris-stratifie-cleanroom\\\/\"]}]},{\"@type\":\"BreadcrumbList\",\"@id\":\"https:\\\/\\\/www.delta-2000.com\\\/fr\\\/murs-pour-chambres-blanches\\\/lambris-stratifie-cleanroom\\\/#breadcrumb\",\"itemListElement\":[{\"@type\":\"ListItem\",\"position\":1,\"name\":\"Home\",\"item\":\"https:\\\/\\\/www.delta-2000.com\\\/fr\\\/chambre-blanche\\\/\"},{\"@type\":\"ListItem\",\"position\":2,\"name\":\"Parois pour chambres blanches\",\"item\":\"https:\\\/\\\/www.delta-2000.com\\\/fr\\\/murs-pour-chambres-blanches\\\/\"},{\"@type\":\"ListItem\",\"position\":3,\"name\":\"Panneau lam\u00e9 cleanroom\"}]},{\"@type\":\"WebSite\",\"@id\":\"https:\\\/\\\/www.delta-2000.com\\\/fr\\\/#website\",\"url\":\"https:\\\/\\\/www.delta-2000.com\\\/fr\\\/\",\"name\":\"Delta 2000\",\"description\":\"Leader mondiale nella progettazione e produzione di soluzioni per clean room e ambienti a contaminazione controllata\",\"publisher\":{\"@id\":\"https:\\\/\\\/www.delta-2000.com\\\/fr\\\/#organization\"},\"potentialAction\":[{\"@type\":\"SearchAction\",\"target\":{\"@type\":\"EntryPoint\",\"urlTemplate\":\"https:\\\/\\\/www.delta-2000.com\\\/fr\\\/?s={search_term_string}\"},\"query-input\":{\"@type\":\"PropertyValueSpecification\",\"valueRequired\":true,\"valueName\":\"search_term_string\"}}],\"inLanguage\":\"fr-FR\"},{\"@type\":\"Organization\",\"@id\":\"https:\\\/\\\/www.delta-2000.com\\\/fr\\\/#organization\",\"name\":\"Delta 2000 S.r.l.\",\"url\":\"https:\\\/\\\/www.delta-2000.com\\\/fr\\\/\",\"logo\":{\"@type\":\"ImageObject\",\"inLanguage\":\"fr-FR\",\"@id\":\"https:\\\/\\\/www.delta-2000.com\\\/fr\\\/#\\\/schema\\\/logo\\\/image\\\/\",\"url\":\"https:\\\/\\\/www.delta-2000.com\\\/wp-content\\\/uploads\\\/2020\\\/09\\\/Delta2000-Logo.jpg\",\"contentUrl\":\"https:\\\/\\\/www.delta-2000.com\\\/wp-content\\\/uploads\\\/2020\\\/09\\\/Delta2000-Logo.jpg\",\"width\":250,\"height\":63,\"caption\":\"Delta 2000 S.r.l.\"},\"image\":{\"@id\":\"https:\\\/\\\/www.delta-2000.com\\\/fr\\\/#\\\/schema\\\/logo\\\/image\\\/\"}}]}<\/script>\n<!-- \/ Yoast SEO Premium plugin. -->","yoast_head_json":{"title":"Panneau lam\u00e9 cleanroom I DELTA 2000","description":"Panneau lam\u00e9 cleanroom I DELTA 2000 production des panneaus en lam\u00e9 pour les parois des chambres blanches.Production made en Italie.","robots":{"index":"index","follow":"follow","max-snippet":"max-snippet:-1","max-image-preview":"max-image-preview:large","max-video-preview":"max-video-preview:-1"},"canonical":"https:\/\/www.delta-2000.com\/fr\/murs-pour-chambres-blanches\/lambris-stratifie-cleanroom\/","og_locale":"fr_FR","og_type":"article","og_title":"Panneau lam\u00e9 cleanroom","og_description":"Panneau lam\u00e9 cleanroom I DELTA 2000 production des panneaus en lam\u00e9 pour les parois des chambres blanches.Production made en Italie.","og_url":"https:\/\/www.delta-2000.com\/fr\/murs-pour-chambres-blanches\/lambris-stratifie-cleanroom\/","og_site_name":"Delta 2000","article_modified_time":"2020-06-23T12:40:39+00:00","twitter_card":"summary_large_image","twitter_misc":{"Dur\u00e9e de lecture estim\u00e9e":"4 minutes"},"schema":{"@context":"https:\/\/schema.org","@graph":[{"@type":"WebPage","@id":"https:\/\/www.delta-2000.com\/fr\/murs-pour-chambres-blanches\/lambris-stratifie-cleanroom\/","url":"https:\/\/www.delta-2000.com\/fr\/murs-pour-chambres-blanches\/lambris-stratifie-cleanroom\/","name":"Panneau lam\u00e9 cleanroom I DELTA 2000","isPartOf":{"@id":"https:\/\/www.delta-2000.com\/fr\/#website"},"datePublished":"2018-01-25T13:53:43+00:00","dateModified":"2020-06-23T12:40:39+00:00","description":"Panneau lam\u00e9 cleanroom I DELTA 2000 production des panneaus en lam\u00e9 pour les parois des chambres blanches.Production made en Italie.","breadcrumb":{"@id":"https:\/\/www.delta-2000.com\/fr\/murs-pour-chambres-blanches\/lambris-stratifie-cleanroom\/#breadcrumb"},"inLanguage":"fr-FR","potentialAction":[{"@type":"ReadAction","target":["https:\/\/www.delta-2000.com\/fr\/murs-pour-chambres-blanches\/lambris-stratifie-cleanroom\/"]}]},{"@type":"BreadcrumbList","@id":"https:\/\/www.delta-2000.com\/fr\/murs-pour-chambres-blanches\/lambris-stratifie-cleanroom\/#breadcrumb","itemListElement":[{"@type":"ListItem","position":1,"name":"Home","item":"https:\/\/www.delta-2000.com\/fr\/chambre-blanche\/"},{"@type":"ListItem","position":2,"name":"Parois pour chambres blanches","item":"https:\/\/www.delta-2000.com\/fr\/murs-pour-chambres-blanches\/"},{"@type":"ListItem","position":3,"name":"Panneau lam\u00e9 cleanroom"}]},{"@type":"WebSite","@id":"https:\/\/www.delta-2000.com\/fr\/#website","url":"https:\/\/www.delta-2000.com\/fr\/","name":"Delta 2000","description":"Leader mondiale nella progettazione e produzione di soluzioni per clean room e ambienti a contaminazione controllata","publisher":{"@id":"https:\/\/www.delta-2000.com\/fr\/#organization"},"potentialAction":[{"@type":"SearchAction","target":{"@type":"EntryPoint","urlTemplate":"https:\/\/www.delta-2000.com\/fr\/?s={search_term_string}"},"query-input":{"@type":"PropertyValueSpecification","valueRequired":true,"valueName":"search_term_string"}}],"inLanguage":"fr-FR"},{"@type":"Organization","@id":"https:\/\/www.delta-2000.com\/fr\/#organization","name":"Delta 2000 S.r.l.","url":"https:\/\/www.delta-2000.com\/fr\/","logo":{"@type":"ImageObject","inLanguage":"fr-FR","@id":"https:\/\/www.delta-2000.com\/fr\/#\/schema\/logo\/image\/","url":"https:\/\/www.delta-2000.com\/wp-content\/uploads\/2020\/09\/Delta2000-Logo.jpg","contentUrl":"https:\/\/www.delta-2000.com\/wp-content\/uploads\/2020\/09\/Delta2000-Logo.jpg","width":250,"height":63,"caption":"Delta 2000 S.r.l."},"image":{"@id":"https:\/\/www.delta-2000.com\/fr\/#\/schema\/logo\/image\/"}}]}},"_links":{"self":[{"href":"https:\/\/www.delta-2000.com\/fr\/wp-json\/wp\/v2\/pages\/9263","targetHints":{"allow":["GET"]}}],"collection":[{"href":"https:\/\/www.delta-2000.com\/fr\/wp-json\/wp\/v2\/pages"}],"about":[{"href":"https:\/\/www.delta-2000.com\/fr\/wp-json\/wp\/v2\/types\/page"}],"author":[{"embeddable":true,"href":"https:\/\/www.delta-2000.com\/fr\/wp-json\/wp\/v2\/users\/4"}],"replies":[{"embeddable":true,"href":"https:\/\/www.delta-2000.com\/fr\/wp-json\/wp\/v2\/comments?post=9263"}],"version-history":[{"count":5,"href":"https:\/\/www.delta-2000.com\/fr\/wp-json\/wp\/v2\/pages\/9263\/revisions"}],"predecessor-version":[{"id":10457,"href":"https:\/\/www.delta-2000.com\/fr\/wp-json\/wp\/v2\/pages\/9263\/revisions\/10457"}],"up":[{"embeddable":true,"href":"https:\/\/www.delta-2000.com\/fr\/wp-json\/wp\/v2\/pages\/9259"}],"wp:attachment":[{"href":"https:\/\/www.delta-2000.com\/fr\/wp-json\/wp\/v2\/media?parent=9263"}],"curies":[{"name":"wp","href":"https:\/\/api.w.org\/{rel}","templated":true}]}}