{"id":24080,"date":"2022-10-07T14:22:09","date_gmt":"2022-10-07T12:22:09","guid":{"rendered":"https:\/\/www.delta-2000.com\/delta2000-dans-le-monde\/"},"modified":"2022-10-07T14:22:13","modified_gmt":"2022-10-07T12:22:13","slug":"delta2000-dans-le-monde","status":"publish","type":"page","link":"https:\/\/www.delta-2000.com\/fr\/delta2000-dans-le-monde\/","title":{"rendered":"Delta2000 dans le monde"},"content":{"rendered":"\t\t<div data-elementor-type=\"wp-page\" data-elementor-id=\"24080\" class=\"elementor elementor-24080\" data-elementor-post-type=\"page\">\n\t\t\t\t\t\t<section class=\"elementor-section elementor-top-section elementor-element elementor-element-61fe94a elementor-section-full_width elementor-section-height-min-height elementor-section-items-bottom elementor-section-content-bottom elementor-section-stretched elementor-section-height-default\" data-id=\"61fe94a\" data-element_type=\"section\" data-e-type=\"section\" data-settings=\"{&quot;background_background&quot;:&quot;slideshow&quot;,&quot;stretch_section&quot;:&quot;section-stretched&quot;,&quot;background_slideshow_gallery&quot;:[{&quot;id&quot;:16492,&quot;url&quot;:&quot;https:\\\/\\\/delta-2000.com\\\/wp-content\\\/uploads\\\/2021\\\/06\\\/Delta2000-Mercati.jpg&quot;}],&quot;background_slideshow_loop&quot;:&quot;yes&quot;,&quot;background_slideshow_slide_duration&quot;:5000,&quot;background_slideshow_slide_transition&quot;:&quot;fade&quot;,&quot;background_slideshow_transition_duration&quot;:500}\">\n\t\t\t\t\t\t\t<div class=\"elementor-background-overlay\"><\/div>\n\t\t\t\t\t\t\t<div class=\"elementor-container elementor-column-gap-default\">\n\t\t\t\t\t<div class=\"elementor-column elementor-col-50 elementor-top-column elementor-element elementor-element-2036413\" data-id=\"2036413\" data-element_type=\"column\" data-e-type=\"column\">\n\t\t\t<div class=\"elementor-widget-wrap elementor-element-populated\">\n\t\t\t\t\t\t<div class=\"elementor-element elementor-element-c7519f0 elementor-widget elementor-widget-heading\" data-id=\"c7519f0\" data-element_type=\"widget\" data-e-type=\"widget\" data-widget_type=\"heading.default\">\n\t\t\t\t<div class=\"elementor-widget-container\">\n\t\t\t\t\t<h2 class=\"elementor-heading-title elementor-size-default\">Delta2000 dans le monde<\/h2>\t\t\t\t<\/div>\n\t\t\t\t<\/div>\n\t\t\t\t<div class=\"elementor-element elementor-element-10238fe elementor-widget elementor-widget-text-editor\" data-id=\"10238fe\" data-element_type=\"widget\" data-e-type=\"widget\" data-widget_type=\"text-editor.default\">\n\t\t\t\t<div class=\"elementor-widget-container\">\n\t\t\t\t\t\t\t\t\t<p>Nous op\u00e9rons en Italie, en Europe et dans le monde<\/p>\n\t\t\t\t\t\t\t\t<\/div>\n\t\t\t\t<\/div>\n\t\t\t\t\t<\/div>\n\t\t<\/div>\n\t\t\t\t<div class=\"elementor-column elementor-col-50 elementor-top-column elementor-element elementor-element-44c0952\" data-id=\"44c0952\" data-element_type=\"column\" data-e-type=\"column\">\n\t\t\t<div class=\"elementor-widget-wrap\">\n\t\t\t\t\t\t\t<\/div>\n\t\t<\/div>\n\t\t\t\t\t<\/div>\n\t\t<\/section>\n\t\t\t\t<section class=\"elementor-section elementor-top-section elementor-element elementor-element-45fa76b elementor-section-boxed elementor-section-height-default elementor-section-height-default\" data-id=\"45fa76b\" data-element_type=\"section\" data-e-type=\"section\">\n\t\t\t\t\t\t<div class=\"elementor-container elementor-column-gap-default\">\n\t\t\t\t\t<div class=\"elementor-column elementor-col-100 elementor-top-column elementor-element elementor-element-77f2915\" data-id=\"77f2915\" data-element_type=\"column\" data-e-type=\"column\">\n\t\t\t<div class=\"elementor-widget-wrap elementor-element-populated\">\n\t\t\t\t\t\t<div class=\"elementor-element elementor-element-b69cd6e elementor-widget elementor-widget-heading\" data-id=\"b69cd6e\" data-element_type=\"widget\" data-e-type=\"widget\" data-widget_type=\"heading.default\">\n\t\t\t\t<div class=\"elementor-widget-container\">\n\t\t\t\t\t<h2 class=\"elementor-heading-title elementor-size-default\">NOUS VISONS UN D\u00c9VELOPPEMENT MONDIAL<\/h2>\t\t\t\t<\/div>\n\t\t\t\t<\/div>\n\t\t\t\t<div class=\"elementor-element elementor-element-3b668f8 elementor-widget elementor-widget-text-editor\" data-id=\"3b668f8\" data-element_type=\"widget\" data-e-type=\"widget\" data-widget_type=\"text-editor.default\">\n\t\t\t\t<div class=\"elementor-widget-container\">\n\t\t\t\t\t\t\t\t\t<p>Cliquez sur la r\u00e9gion de couleur verte pour plus de d\u00e9tails et d&rsquo;informations<\/p>\n\t\t\t\t\t\t\t\t<\/div>\n\t\t\t\t<\/div>\n\t\t\t\t<div class=\"elementor-element elementor-element-703bb87 elementor-widget elementor-widget-shortcode\" data-id=\"703bb87\" data-element_type=\"widget\" data-e-type=\"widget\" data-widget_type=\"shortcode.default\">\n\t\t\t\t<div class=\"elementor-widget-container\">\n\t\t\t\t\t\t\t<div class=\"elementor-shortcode\"><div id=\"mapsvg-3\" data-id=\"3\" class=\"mapsvg\" data-svg-file-last-changed=\"1664789302\" data-autoload=\"true\" data-loading-text=\"Loading map...\" data-region-prefix=\"\" data-width=\"1009.1149\" data-height=\"665.242\"><\/div><\/div>\n\t\t\t\t\t\t<\/div>\n\t\t\t\t<\/div>\n\t\t\t\t<div class=\"elementor-element elementor-element-ccf784b elementor-hidden-desktop elementor-hidden-tablet elementor-hidden-mobile elementor-widget elementor-widget-shortcode\" data-id=\"ccf784b\" data-element_type=\"widget\" data-e-type=\"widget\" data-widget_type=\"shortcode.default\">\n\t\t\t\t<div class=\"elementor-widget-container\">\n\t\t\t\t\t\t\t<div class=\"elementor-shortcode\">\n<div class=\"wpcf7 no-js\" id=\"wpcf7-f23195-o1\" lang=\"it-IT\" dir=\"ltr\" data-wpcf7-id=\"23195\">\n<div class=\"screen-reader-response\"><p role=\"status\" aria-live=\"polite\" aria-atomic=\"true\"><\/p> <ul><\/ul><\/div>\n<form action=\"\/fr\/wp-json\/wp\/v2\/pages\/24080#wpcf7-f23195-o1\" method=\"post\" class=\"wpcf7-form init\" aria-label=\"Modulo di contatto\" novalidate=\"novalidate\" data-status=\"init\">\n<fieldset class=\"hidden-fields-container\"><input type=\"hidden\" name=\"_wpcf7\" value=\"23195\" \/><input type=\"hidden\" name=\"_wpcf7_version\" value=\"6.1.5\" \/><input type=\"hidden\" name=\"_wpcf7_locale\" value=\"it_IT\" \/><input type=\"hidden\" name=\"_wpcf7_unit_tag\" value=\"wpcf7-f23195-o1\" \/><input type=\"hidden\" name=\"_wpcf7_container_post\" value=\"0\" \/><input type=\"hidden\" name=\"_wpcf7_posted_data_hash\" value=\"\" \/>\n<\/fieldset>\n<p><label> Nome<br \/>\n<span class=\"wpcf7-form-control-wrap\" data-name=\"your-name\"><input size=\"40\" maxlength=\"400\" class=\"wpcf7-form-control wpcf7-text wpcf7-validates-as-required\" aria-required=\"true\" aria-invalid=\"false\" value=\"\" type=\"text\" name=\"your-name\" \/><\/span> <\/label>\n<\/p>\n<p><label> Cognome<br \/>\n<span class=\"wpcf7-form-control-wrap\" data-name=\"lastname\"><input size=\"40\" maxlength=\"400\" class=\"wpcf7-form-control wpcf7-text wpcf7-validates-as-required\" aria-required=\"true\" aria-invalid=\"false\" value=\"\" type=\"text\" name=\"lastname\" \/><\/span> <\/label>\n<\/p>\n<p><label> Azienda<br \/>\n<span class=\"wpcf7-form-control-wrap\" data-name=\"company\"><input size=\"40\" maxlength=\"400\" class=\"wpcf7-form-control wpcf7-text wpcf7-validates-as-required\" aria-required=\"true\" aria-invalid=\"false\" value=\"\" type=\"text\" name=\"company\" \/><\/span> <\/label>\n<\/p>\n<p><label> Telefono<br \/>\n<span class=\"wpcf7-form-control-wrap\" data-name=\"Telefono\"><input size=\"40\" maxlength=\"400\" class=\"wpcf7-form-control wpcf7-tel wpcf7-validates-as-required wpcf7-text wpcf7-validates-as-tel\" aria-required=\"true\" aria-invalid=\"false\" value=\"\" type=\"tel\" name=\"Telefono\" \/><\/span> <\/label>\n<\/p>\n<p><label> E-mail<br \/>\n<span class=\"wpcf7-form-control-wrap\" data-name=\"your-email\"><input size=\"40\" maxlength=\"400\" class=\"wpcf7-form-control wpcf7-email wpcf7-validates-as-required wpcf7-text wpcf7-validates-as-email\" aria-required=\"true\" aria-invalid=\"false\" value=\"\" type=\"email\" name=\"your-email\" \/><\/span> <\/label>\n<\/p>\n<p><label> Messaggio (facoltativo)<br \/>\n<span class=\"wpcf7-form-control-wrap\" data-name=\"your-message\"><textarea cols=\"40\" rows=\"10\" maxlength=\"2000\" class=\"wpcf7-form-control wpcf7-textarea\" aria-invalid=\"false\" name=\"your-message\"><\/textarea><\/span> <\/label>\n<\/p>\n<p>Seleziona Country Interessato:<br \/>\n<span class=\"wpcf7-form-control-wrap\" data-name=\"country_interessato\"><select class=\"wpcf7-form-control wpcf7-select wpcf7-validates-as-required\" aria-required=\"true\" aria-invalid=\"false\" name=\"country_interessato\"><option value=\"Italia\">Italia<\/option><option value=\"Svizzera Italiana\">Svizzera Italiana<\/option><option value=\"Europa\">Europa<\/option><option value=\"Nord America\">Nord America<\/option><option value=\"America centrale\">America centrale<\/option><option value=\"America latina\">America latina<\/option><option value=\"Africa centrale\">Africa centrale<\/option><option value=\"Nord Africa\">Nord Africa<\/option><option value=\"Sud Africa\">Sud Africa<\/option><\/select><\/span>\n<\/p>\n<input class=\"wpcf7-form-control wpcf7-hidden\" value=\"Italy\" type=\"hidden\" name=\"country\" \/>\n<p><input class=\"wpcf7-form-control wpcf7-submit has-spinner\" type=\"submit\" value=\"Invia\" \/>\n<\/p><p style=\"display: none !important;\" class=\"akismet-fields-container\" data-prefix=\"_wpcf7_ak_\"><label>&#916;<textarea name=\"_wpcf7_ak_hp_textarea\" cols=\"45\" rows=\"8\" maxlength=\"100\"><\/textarea><\/label><input type=\"hidden\" id=\"ak_js_1\" name=\"_wpcf7_ak_js\" value=\"100\"\/><script>\ndocument.getElementById( \"ak_js_1\" ).setAttribute( \"value\", ( new Date() ).getTime() );\n<\/script>\n<\/p><div class=\"wpcf7-response-output\" aria-hidden=\"true\"><\/div>\n<\/form>\n<\/div>\n<\/div>\n\t\t\t\t\t\t<\/div>\n\t\t\t\t<\/div>\n\t\t\t\t\t<\/div>\n\t\t<\/div>\n\t\t\t\t\t<\/div>\n\t\t<\/section>\n\t\t\t\t<\/div>\n\t\t","protected":false},"excerpt":{"rendered":"<p>Delta2000 dans le monde Nous op\u00e9rons en Italie, en Europe et dans le monde NOUS VISONS UN D\u00c9VELOPPEMENT MONDIAL Cliquez sur la r\u00e9gion de couleur verte pour plus de d\u00e9tails et d&rsquo;informations<\/p>\n","protected":false},"author":5,"featured_media":0,"parent":0,"menu_order":0,"comment_status":"closed","ping_status":"closed","template":"","meta":{"content-type":"","mapsvg_location":"","footnotes":""},"class_list":["post-24080","page","type-page","status-publish","hentry"],"yoast_head":"<!-- This site is optimized with the Yoast SEO Premium plugin v27.4 (Yoast SEO v27.4) - https:\/\/yoast.com\/product\/yoast-seo-premium-wordpress\/ -->\n<title>Delta2000 dans le monde - Delta 2000<\/title>\n<meta name=\"robots\" content=\"index, follow, max-snippet:-1, max-image-preview:large, max-video-preview:-1\" \/>\n<link rel=\"canonical\" href=\"https:\/\/www.delta-2000.com\/fr\/delta2000-dans-le-monde\/\" \/>\n<meta property=\"og:locale\" content=\"fr_FR\" \/>\n<meta property=\"og:type\" content=\"article\" \/>\n<meta property=\"og:title\" content=\"Delta2000 dans le monde\" \/>\n<meta property=\"og:description\" content=\"Delta2000 dans le monde Nous op\u00e9rons en Italie, en Europe et dans le monde NOUS VISONS UN D\u00c9VELOPPEMENT MONDIAL Cliquez sur la r\u00e9gion de couleur verte pour plus de d\u00e9tails et d&rsquo;informations\" \/>\n<meta property=\"og:url\" content=\"https:\/\/www.delta-2000.com\/fr\/delta2000-dans-le-monde\/\" \/>\n<meta property=\"og:site_name\" content=\"Delta 2000\" \/>\n<meta property=\"article:modified_time\" content=\"2022-10-07T12:22:13+00:00\" \/>\n<meta name=\"twitter:card\" content=\"summary_large_image\" \/>\n<script type=\"application\/ld+json\" class=\"yoast-schema-graph\">{\"@context\":\"https:\\\/\\\/schema.org\",\"@graph\":[{\"@type\":\"WebPage\",\"@id\":\"https:\\\/\\\/www.delta-2000.com\\\/fr\\\/delta2000-dans-le-monde\\\/\",\"url\":\"https:\\\/\\\/www.delta-2000.com\\\/fr\\\/delta2000-dans-le-monde\\\/\",\"name\":\"Delta2000 dans le monde - Delta 2000\",\"isPartOf\":{\"@id\":\"https:\\\/\\\/www.delta-2000.com\\\/fr\\\/#website\"},\"datePublished\":\"2022-10-07T12:22:09+00:00\",\"dateModified\":\"2022-10-07T12:22:13+00:00\",\"breadcrumb\":{\"@id\":\"https:\\\/\\\/www.delta-2000.com\\\/fr\\\/delta2000-dans-le-monde\\\/#breadcrumb\"},\"inLanguage\":\"fr-FR\",\"potentialAction\":[{\"@type\":\"ReadAction\",\"target\":[\"https:\\\/\\\/www.delta-2000.com\\\/fr\\\/delta2000-dans-le-monde\\\/\"]}]},{\"@type\":\"BreadcrumbList\",\"@id\":\"https:\\\/\\\/www.delta-2000.com\\\/fr\\\/delta2000-dans-le-monde\\\/#breadcrumb\",\"itemListElement\":[{\"@type\":\"ListItem\",\"position\":1,\"name\":\"Home\",\"item\":\"https:\\\/\\\/www.delta-2000.com\\\/fr\\\/chambre-blanche\\\/\"},{\"@type\":\"ListItem\",\"position\":2,\"name\":\"Delta2000 dans le monde\"}]},{\"@type\":\"WebSite\",\"@id\":\"https:\\\/\\\/www.delta-2000.com\\\/fr\\\/#website\",\"url\":\"https:\\\/\\\/www.delta-2000.com\\\/fr\\\/\",\"name\":\"Delta 2000\",\"description\":\"Leader mondiale nella progettazione e produzione di soluzioni per clean room e ambienti a contaminazione controllata\",\"publisher\":{\"@id\":\"https:\\\/\\\/www.delta-2000.com\\\/fr\\\/#organization\"},\"potentialAction\":[{\"@type\":\"SearchAction\",\"target\":{\"@type\":\"EntryPoint\",\"urlTemplate\":\"https:\\\/\\\/www.delta-2000.com\\\/fr\\\/?s={search_term_string}\"},\"query-input\":{\"@type\":\"PropertyValueSpecification\",\"valueRequired\":true,\"valueName\":\"search_term_string\"}}],\"inLanguage\":\"fr-FR\"},{\"@type\":\"Organization\",\"@id\":\"https:\\\/\\\/www.delta-2000.com\\\/fr\\\/#organization\",\"name\":\"Delta 2000 S.r.l.\",\"url\":\"https:\\\/\\\/www.delta-2000.com\\\/fr\\\/\",\"logo\":{\"@type\":\"ImageObject\",\"inLanguage\":\"fr-FR\",\"@id\":\"https:\\\/\\\/www.delta-2000.com\\\/fr\\\/#\\\/schema\\\/logo\\\/image\\\/\",\"url\":\"https:\\\/\\\/www.delta-2000.com\\\/wp-content\\\/uploads\\\/2020\\\/09\\\/Delta2000-Logo.jpg\",\"contentUrl\":\"https:\\\/\\\/www.delta-2000.com\\\/wp-content\\\/uploads\\\/2020\\\/09\\\/Delta2000-Logo.jpg\",\"width\":250,\"height\":63,\"caption\":\"Delta 2000 S.r.l.\"},\"image\":{\"@id\":\"https:\\\/\\\/www.delta-2000.com\\\/fr\\\/#\\\/schema\\\/logo\\\/image\\\/\"}}]}<\/script>\n<!-- \/ Yoast SEO Premium plugin. -->","yoast_head_json":{"title":"Delta2000 dans le monde - Delta 2000","robots":{"index":"index","follow":"follow","max-snippet":"max-snippet:-1","max-image-preview":"max-image-preview:large","max-video-preview":"max-video-preview:-1"},"canonical":"https:\/\/www.delta-2000.com\/fr\/delta2000-dans-le-monde\/","og_locale":"fr_FR","og_type":"article","og_title":"Delta2000 dans le monde","og_description":"Delta2000 dans le monde Nous op\u00e9rons en Italie, en Europe et dans le monde NOUS VISONS UN D\u00c9VELOPPEMENT MONDIAL Cliquez sur la r\u00e9gion de couleur verte pour plus de d\u00e9tails et d&rsquo;informations","og_url":"https:\/\/www.delta-2000.com\/fr\/delta2000-dans-le-monde\/","og_site_name":"Delta 2000","article_modified_time":"2022-10-07T12:22:13+00:00","twitter_card":"summary_large_image","schema":{"@context":"https:\/\/schema.org","@graph":[{"@type":"WebPage","@id":"https:\/\/www.delta-2000.com\/fr\/delta2000-dans-le-monde\/","url":"https:\/\/www.delta-2000.com\/fr\/delta2000-dans-le-monde\/","name":"Delta2000 dans le monde - Delta 2000","isPartOf":{"@id":"https:\/\/www.delta-2000.com\/fr\/#website"},"datePublished":"2022-10-07T12:22:09+00:00","dateModified":"2022-10-07T12:22:13+00:00","breadcrumb":{"@id":"https:\/\/www.delta-2000.com\/fr\/delta2000-dans-le-monde\/#breadcrumb"},"inLanguage":"fr-FR","potentialAction":[{"@type":"ReadAction","target":["https:\/\/www.delta-2000.com\/fr\/delta2000-dans-le-monde\/"]}]},{"@type":"BreadcrumbList","@id":"https:\/\/www.delta-2000.com\/fr\/delta2000-dans-le-monde\/#breadcrumb","itemListElement":[{"@type":"ListItem","position":1,"name":"Home","item":"https:\/\/www.delta-2000.com\/fr\/chambre-blanche\/"},{"@type":"ListItem","position":2,"name":"Delta2000 dans le monde"}]},{"@type":"WebSite","@id":"https:\/\/www.delta-2000.com\/fr\/#website","url":"https:\/\/www.delta-2000.com\/fr\/","name":"Delta 2000","description":"Leader mondiale nella progettazione e produzione di soluzioni per clean room e ambienti a contaminazione controllata","publisher":{"@id":"https:\/\/www.delta-2000.com\/fr\/#organization"},"potentialAction":[{"@type":"SearchAction","target":{"@type":"EntryPoint","urlTemplate":"https:\/\/www.delta-2000.com\/fr\/?s={search_term_string}"},"query-input":{"@type":"PropertyValueSpecification","valueRequired":true,"valueName":"search_term_string"}}],"inLanguage":"fr-FR"},{"@type":"Organization","@id":"https:\/\/www.delta-2000.com\/fr\/#organization","name":"Delta 2000 S.r.l.","url":"https:\/\/www.delta-2000.com\/fr\/","logo":{"@type":"ImageObject","inLanguage":"fr-FR","@id":"https:\/\/www.delta-2000.com\/fr\/#\/schema\/logo\/image\/","url":"https:\/\/www.delta-2000.com\/wp-content\/uploads\/2020\/09\/Delta2000-Logo.jpg","contentUrl":"https:\/\/www.delta-2000.com\/wp-content\/uploads\/2020\/09\/Delta2000-Logo.jpg","width":250,"height":63,"caption":"Delta 2000 S.r.l."},"image":{"@id":"https:\/\/www.delta-2000.com\/fr\/#\/schema\/logo\/image\/"}}]}},"_links":{"self":[{"href":"https:\/\/www.delta-2000.com\/fr\/wp-json\/wp\/v2\/pages\/24080","targetHints":{"allow":["GET"]}}],"collection":[{"href":"https:\/\/www.delta-2000.com\/fr\/wp-json\/wp\/v2\/pages"}],"about":[{"href":"https:\/\/www.delta-2000.com\/fr\/wp-json\/wp\/v2\/types\/page"}],"author":[{"embeddable":true,"href":"https:\/\/www.delta-2000.com\/fr\/wp-json\/wp\/v2\/users\/5"}],"replies":[{"embeddable":true,"href":"https:\/\/www.delta-2000.com\/fr\/wp-json\/wp\/v2\/comments?post=24080"}],"version-history":[{"count":3,"href":"https:\/\/www.delta-2000.com\/fr\/wp-json\/wp\/v2\/pages\/24080\/revisions"}],"predecessor-version":[{"id":24083,"href":"https:\/\/www.delta-2000.com\/fr\/wp-json\/wp\/v2\/pages\/24080\/revisions\/24083"}],"wp:attachment":[{"href":"https:\/\/www.delta-2000.com\/fr\/wp-json\/wp\/v2\/media?parent=24080"}],"curies":[{"name":"wp","href":"https:\/\/api.w.org\/{rel}","templated":true}]}}