{"id":19324,"date":"2021-11-02T09:12:28","date_gmt":"2021-11-02T08:12:28","guid":{"rendered":"https:\/\/delta-2000.com\/revetement-en-pvc-heterogene\/"},"modified":"2022-02-17T17:35:14","modified_gmt":"2022-02-17T16:35:14","slug":"revetement-en-pvc-heterogene","status":"publish","type":"page","link":"https:\/\/www.delta-2000.com\/fr\/revetement-en-pvc-heterogene\/","title":{"rendered":"Rev\u00eatement en PVC h\u00e9t\u00e9rog\u00e8ne"},"content":{"rendered":"\t\t<div data-elementor-type=\"wp-page\" data-elementor-id=\"19324\" class=\"elementor elementor-19324\" data-elementor-post-type=\"page\">\n\t\t\t\t\t\t<section class=\"elementor-section elementor-top-section elementor-element elementor-element-15eee39 elementor-section-full_width elementor-section-height-min-height elementor-section-items-bottom elementor-section-content-bottom elementor-section-height-default\" data-id=\"15eee39\" data-element_type=\"section\" data-e-type=\"section\" data-settings=\"{&quot;background_background&quot;:&quot;classic&quot;}\">\n\t\t\t\t\t\t\t<div class=\"elementor-background-overlay\"><\/div>\n\t\t\t\t\t\t\t<div class=\"elementor-container elementor-column-gap-default\">\n\t\t\t\t\t<div class=\"elementor-column elementor-col-50 elementor-top-column elementor-element elementor-element-8a2047e\" data-id=\"8a2047e\" data-element_type=\"column\" data-e-type=\"column\">\n\t\t\t<div class=\"elementor-widget-wrap elementor-element-populated\">\n\t\t\t\t\t\t<div class=\"elementor-element elementor-element-326c4fb elementor-widget elementor-widget-heading\" data-id=\"326c4fb\" data-element_type=\"widget\" data-e-type=\"widget\" data-widget_type=\"heading.default\">\n\t\t\t\t<div class=\"elementor-widget-container\">\n\t\t\t\t\t<h2 class=\"elementor-heading-title elementor-size-default\">PVC DeltaFloor\u2122        <\/h2>\t\t\t\t<\/div>\n\t\t\t\t<\/div>\n\t\t\t\t<div class=\"elementor-element elementor-element-44270ca elementor-widget elementor-widget-text-editor\" data-id=\"44270ca\" data-element_type=\"widget\" data-e-type=\"widget\" data-widget_type=\"text-editor.default\">\n\t\t\t\t<div class=\"elementor-widget-container\">\n\t\t\t\t\t\t\t\t\t<p><span data-sheets-value=\"{\" data-sheets-userformat=\"{\">Rev\u00eatement pour environnements st\u00e9riles<br \/>\n        <\/span><\/p>\n\t\t\t\t\t\t\t\t<\/div>\n\t\t\t\t<\/div>\n\t\t\t\t\t<\/div>\n\t\t<\/div>\n\t\t\t\t<div class=\"elementor-column elementor-col-50 elementor-top-column elementor-element elementor-element-569ceac elementor-hidden-tablet elementor-hidden-phone\" data-id=\"569ceac\" data-element_type=\"column\" data-e-type=\"column\">\n\t\t\t<div class=\"elementor-widget-wrap\">\n\t\t\t\t\t\t\t<\/div>\n\t\t<\/div>\n\t\t\t\t\t<\/div>\n\t\t<\/section>\n\t\t\t\t<section class=\"elementor-section elementor-top-section elementor-element elementor-element-f62e389 elementor-section-full_width elementor-section-height-default elementor-section-height-default\" data-id=\"f62e389\" data-element_type=\"section\" data-e-type=\"section\" data-settings=\"{&quot;background_background&quot;:&quot;classic&quot;}\">\n\t\t\t\t\t\t<div class=\"elementor-container elementor-column-gap-default\">\n\t\t\t\t\t<div class=\"elementor-column elementor-col-50 elementor-top-column elementor-element elementor-element-c7ff454\" data-id=\"c7ff454\" data-element_type=\"column\" data-e-type=\"column\" data-settings=\"{&quot;background_background&quot;:&quot;classic&quot;}\">\n\t\t\t<div class=\"elementor-widget-wrap elementor-element-populated\">\n\t\t\t\t\t\t<div class=\"elementor-element elementor-element-3ec611a elementor-widget elementor-widget-image\" data-id=\"3ec611a\" data-element_type=\"widget\" data-e-type=\"widget\" data-widget_type=\"image.default\">\n\t\t\t\t<div class=\"elementor-widget-container\">\n\t\t\t\t\t\t\t\t\t\t\t\t\t\t\t<img decoding=\"async\" src=\"https:\/\/www.delta-2000.com\/wp-content\/uploads\/elementor\/thumbs\/Deltafloor-logotipo-peg94mbt44cvci4fqkwry0jykphsqq6dc4qfqyogrs.png\" title=\"Deltafloor logotipo\" alt=\"Deltafloor logotipo\" loading=\"lazy\" \/>\t\t\t\t\t\t\t\t\t\t\t\t\t\t\t<\/div>\n\t\t\t\t<\/div>\n\t\t\t\t\t<\/div>\n\t\t<\/div>\n\t\t\t\t<div class=\"elementor-column elementor-col-50 elementor-top-column elementor-element elementor-element-41a2a3c\" data-id=\"41a2a3c\" data-element_type=\"column\" data-e-type=\"column\" data-settings=\"{&quot;background_background&quot;:&quot;classic&quot;}\">\n\t\t\t<div class=\"elementor-widget-wrap elementor-element-populated\">\n\t\t\t\t\t\t<div class=\"elementor-element elementor-element-c94fd68 elementor-widget elementor-widget-heading\" data-id=\"c94fd68\" data-element_type=\"widget\" data-e-type=\"widget\" data-widget_type=\"heading.default\">\n\t\t\t\t<div class=\"elementor-widget-container\">\n\t\t\t\t\t<h4 class=\"elementor-heading-title elementor-size-default\">Rev\u00eatement en PVC h\u00e9t\u00e9rog\u00e8ne        <\/h4>\t\t\t\t<\/div>\n\t\t\t\t<\/div>\n\t\t\t\t\t<\/div>\n\t\t<\/div>\n\t\t\t\t\t<\/div>\n\t\t<\/section>\n\t\t\t\t<section class=\"elementor-section elementor-top-section elementor-element elementor-element-a3e5365 elementor-section-boxed elementor-section-height-default elementor-section-height-default\" data-id=\"a3e5365\" data-element_type=\"section\" data-e-type=\"section\" data-settings=\"{&quot;background_background&quot;:&quot;classic&quot;}\">\n\t\t\t\t\t\t<div class=\"elementor-container elementor-column-gap-default\">\n\t\t\t\t\t<div class=\"elementor-column elementor-col-100 elementor-top-column elementor-element elementor-element-0e94491\" data-id=\"0e94491\" data-element_type=\"column\" data-e-type=\"column\" data-settings=\"{&quot;background_background&quot;:&quot;classic&quot;}\">\n\t\t\t<div class=\"elementor-widget-wrap elementor-element-populated\">\n\t\t\t\t\t\t<div class=\"elementor-element elementor-element-2b6583d elementor-widget elementor-widget-text-editor\" data-id=\"2b6583d\" data-element_type=\"widget\" data-e-type=\"widget\" data-widget_type=\"text-editor.default\">\n\t\t\t\t<div class=\"elementor-widget-container\">\n\t\t\t\t\t\t\t\t\t<p><strong>Les sols en PVC h\u00e9t\u00e9rog\u00e8nes pour environnements st\u00e9riles DeltaFloor\u2122 <\/strong>produits par Delta2000, une entreprise sp\u00e9cialis\u00e9e dans la conception, la fabrication et l&rsquo;installation de salles blanches, sont con\u00e7us pour \u00eatre utilis\u00e9s dans des zones \u00e0 atmosph\u00e8re contr\u00f4l\u00e9e et sont destin\u00e9s \u00e0 \u00eatre utilis\u00e9s dans divers secteurs : <strong>Pharmaceutique<\/strong>, <strong>Biom\u00e9dical<\/strong>, <strong>Chimique<\/strong>, <strong>Cosm\u00e9tique<\/strong> et <strong>Alimentaire<\/strong>.\n        <\/p>\n<p>Dans le d\u00e9tail, les<b> rev\u00eatements en PVC<\/b> ou \u00e9galement connus sous le nom de <b>sols en vinyle PVC h\u00e9t\u00e9rog\u00e8ne<\/b> sont des solutions durables et ultra-durables pour les zones \u00e0 fort trafic.<br \/>\n         En particulier dans le <b>secteur de la sant\u00e9<\/b> comme les<b> h\u00f4pitaux<\/b>, les <b>industries pharmaceutiques<\/b>.\n        <\/p>\n\t\t\t\t\t\t\t\t<\/div>\n\t\t\t\t<\/div>\n\t\t\t\t\t<\/div>\n\t\t<\/div>\n\t\t\t\t\t<\/div>\n\t\t<\/section>\n\t\t\t\t<section class=\"elementor-section elementor-top-section elementor-element elementor-element-d4737d2 elementor-section-content-middle elementor-section-full_width elementor-section-height-default elementor-section-height-default\" data-id=\"d4737d2\" data-element_type=\"section\" data-e-type=\"section\">\n\t\t\t\t\t\t<div class=\"elementor-container elementor-column-gap-no\">\n\t\t\t\t\t<div class=\"elementor-column elementor-col-50 elementor-top-column elementor-element elementor-element-153cd41c\" data-id=\"153cd41c\" data-element_type=\"column\" data-e-type=\"column\">\n\t\t\t<div class=\"elementor-widget-wrap elementor-element-populated\">\n\t\t\t\t\t\t<div class=\"elementor-element elementor-element-1b77bdf7 elementor-widget elementor-widget-text-editor\" data-id=\"1b77bdf7\" data-element_type=\"widget\" data-e-type=\"widget\" data-widget_type=\"text-editor.default\">\n\t\t\t\t<div class=\"elementor-widget-container\">\n\t\t\t\t\t\t\t\t\t<p>Avec le <b>rev\u00eatement en PVC h\u00e9t\u00e9rog\u00e8ne<\/b> il est possible d\u2019obtenir une couverture impeccable de <b>parois modulaires pour salles blanches<\/b>, gr\u00e2ce \u00e9galement \u00e0 l\u2019utilisation de raccords de profil\u00e9s et d\u2019angles arrondis et sans jointure.\n         <\/p>\n<p><b>Le rev\u00eatement en PVC<\/b> est disponible dans les formats en carreaux ou en rouleaux, pour une installation facile.\n        <\/p>\n<p><b>Le sol en PVC h\u00e9t\u00e9rog\u00e8ne<\/b>, produit par Delta2000, est id\u00e9al pour <b>les salles blanches<\/b> gr\u00e2ce \u00e0 son action anti-bacterienne, antistatique et facile \u00e0 nettoyer, gr\u00e2ce au traitement de surface en polyur\u00e9thane.\n        <\/p>\n<p>D\u2019autres caract\u00e9ristiques du <b>sol en PVC h\u00e9t\u00e9rog\u00e8ne<\/b> :\n         <\/p>\n<ul>\n<li>surface antid\u00e9rapante\n        <\/li>\n<li>r\u00e9sistant \u00e0 l&rsquo;usure\n        <\/li>\n<li>\u00e9tanche\n        <\/li>\n<li>fonction antistatique et antimicrobienne qui emp\u00eache la croissance des bact\u00e9ries.\n        <\/li>\n<\/ul>\n\t\t\t\t\t\t\t\t<\/div>\n\t\t\t\t<\/div>\n\t\t\t\t<div class=\"elementor-element elementor-element-69964c1 elementor-widget elementor-widget-button\" data-id=\"69964c1\" data-element_type=\"widget\" data-e-type=\"widget\" data-widget_type=\"button.default\">\n\t\t\t\t<div class=\"elementor-widget-container\">\n\t\t\t\t\t\t\t\t\t<div class=\"elementor-button-wrapper\">\n\t\t\t\t\t<a class=\"elementor-button elementor-button-link elementor-size-sm\" href=\"\/fr\/formulaire-de-demande-dinformations-deltafloor\/\">\n\t\t\t\t\t\t<span class=\"elementor-button-content-wrapper\">\n\t\t\t\t\t\t\t\t\t<span class=\"elementor-button-text\">Informations requises<\/span>\n\t\t\t\t\t<\/span>\n\t\t\t\t\t<\/a>\n\t\t\t\t<\/div>\n\t\t\t\t\t\t\t\t<\/div>\n\t\t\t\t<\/div>\n\t\t\t\t\t<\/div>\n\t\t<\/div>\n\t\t\t\t<div class=\"elementor-column elementor-col-50 elementor-top-column elementor-element elementor-element-2a8f525c\" data-id=\"2a8f525c\" data-element_type=\"column\" data-e-type=\"column\">\n\t\t\t<div class=\"elementor-widget-wrap elementor-element-populated\">\n\t\t\t\t\t\t<div class=\"elementor-element elementor-element-9c3fb01 elementor-arrows-position-inside elementor-pagination-position-outside elementor-widget elementor-widget-image-carousel\" data-id=\"9c3fb01\" data-element_type=\"widget\" data-e-type=\"widget\" data-settings=\"{&quot;slides_to_show&quot;:&quot;1&quot;,&quot;effect&quot;:&quot;fade&quot;,&quot;_animation&quot;:&quot;none&quot;,&quot;navigation&quot;:&quot;both&quot;,&quot;autoplay&quot;:&quot;yes&quot;,&quot;pause_on_hover&quot;:&quot;yes&quot;,&quot;pause_on_interaction&quot;:&quot;yes&quot;,&quot;autoplay_speed&quot;:5000,&quot;infinite&quot;:&quot;yes&quot;,&quot;speed&quot;:500}\" data-widget_type=\"image-carousel.default\">\n\t\t\t\t<div class=\"elementor-widget-container\">\n\t\t\t\t\t\t\t<div class=\"elementor-image-carousel-wrapper swiper\" role=\"region\" aria-roledescription=\"carousel\" aria-label=\"Carrousel d\u2019images\" dir=\"ltr\">\n\t\t\t<div class=\"elementor-image-carousel swiper-wrapper\" aria-live=\"off\">\n\t\t\t\t\t\t\t\t<div class=\"swiper-slide\" role=\"group\" aria-roledescription=\"slide\" aria-label=\"1 sur 6\"><figure class=\"swiper-slide-inner\"><img decoding=\"async\" class=\"swiper-slide-image\" src=\"https:\/\/www.delta-2000.com\/wp-content\/uploads\/2021\/05\/DeltaFLOOR-Pavimentazione-in-PVC-eterogenea-1.jpg\" alt=\"DeltaFLOOR Rev\u00eatement en PVC h\u00e9t\u00e9rog\u00e8ne\" \/><\/figure><\/div><div class=\"swiper-slide\" role=\"group\" aria-roledescription=\"slide\" aria-label=\"2 sur 6\"><figure class=\"swiper-slide-inner\"><img decoding=\"async\" class=\"swiper-slide-image\" src=\"https:\/\/www.delta-2000.com\/wp-content\/uploads\/2021\/05\/DeltaFLOOR-Pavimentazione-in-PVC.jpg\" alt=\"DeltaFLOOR Rev\u00eatement en PVC\" \/><\/figure><\/div><div class=\"swiper-slide\" role=\"group\" aria-roledescription=\"slide\" aria-label=\"3 sur 6\"><figure class=\"swiper-slide-inner\"><img decoding=\"async\" class=\"swiper-slide-image\" src=\"https:\/\/www.delta-2000.com\/wp-content\/uploads\/2021\/05\/DeltaFLOOR-Pavimentazione-PVC.jpg\" alt=\"DeltaFLOOR Rev\u00eatements de sol en PVC\" \/><\/figure><\/div><div class=\"swiper-slide\" role=\"group\" aria-roledescription=\"slide\" aria-label=\"4 sur 6\"><figure class=\"swiper-slide-inner\"><img decoding=\"async\" class=\"swiper-slide-image\" src=\"https:\/\/www.delta-2000.com\/wp-content\/uploads\/2021\/05\/DeltaFLOOR-Pavimenti-in-PVC.jpg\" alt=\"DeltaFLOOR Rev\u00eatements de sol en PVC\" \/><\/figure><\/div><div class=\"swiper-slide\" role=\"group\" aria-roledescription=\"slide\" aria-label=\"5 sur 6\"><figure class=\"swiper-slide-inner\"><img decoding=\"async\" class=\"swiper-slide-image\" src=\"https:\/\/www.delta-2000.com\/wp-content\/uploads\/2021\/05\/DeltaFLOOR-zoccolo-per-pavimentazione-PVC-eterogenea.jpg\" alt=\"DeltaFLOOR plinthe pour rev\u00eatement PVC h\u00e9t\u00e9rog\u00e8ne\" \/><\/figure><\/div><div class=\"swiper-slide\" role=\"group\" aria-roledescription=\"slide\" aria-label=\"6 sur 6\"><figure class=\"swiper-slide-inner\"><img decoding=\"async\" class=\"swiper-slide-image\" src=\"https:\/\/www.delta-2000.com\/wp-content\/uploads\/2021\/05\/DeltaFLOOR-zoccolo-per-pavimentiPVC-eterogeneo.jpg\" alt=\"DeltaFLOOR plinthe pour sols PVC h\u00e9t\u00e9rog\u00e8ne\" \/><\/figure><\/div>\t\t\t<\/div>\n\t\t\t\t\t\t\t\t\t\t\t\t<div class=\"elementor-swiper-button elementor-swiper-button-prev\" role=\"button\" tabindex=\"0\">\n\t\t\t\t\t\t<svg aria-hidden=\"true\" class=\"e-font-icon-svg e-eicon-chevron-left\" viewBox=\"0 0 1000 1000\" xmlns=\"http:\/\/www.w3.org\/2000\/svg\"><path d=\"M646 125C629 125 613 133 604 142L308 442C296 454 292 471 292 487 292 504 296 521 308 533L604 854C617 867 629 875 646 875 663 875 679 871 692 858 704 846 713 829 713 812 713 796 708 779 692 767L438 487 692 225C700 217 708 204 708 187 708 171 704 154 692 142 675 129 663 125 646 125Z\"><\/path><\/svg>\t\t\t\t\t<\/div>\n\t\t\t\t\t<div class=\"elementor-swiper-button elementor-swiper-button-next\" role=\"button\" tabindex=\"0\">\n\t\t\t\t\t\t<svg aria-hidden=\"true\" class=\"e-font-icon-svg e-eicon-chevron-right\" viewBox=\"0 0 1000 1000\" xmlns=\"http:\/\/www.w3.org\/2000\/svg\"><path d=\"M696 533C708 521 713 504 713 487 713 471 708 454 696 446L400 146C388 133 375 125 354 125 338 125 325 129 313 142 300 154 292 171 292 187 292 204 296 221 308 233L563 492 304 771C292 783 288 800 288 817 288 833 296 850 308 863 321 871 338 875 354 875 371 875 388 867 400 854L696 533Z\"><\/path><\/svg>\t\t\t\t\t<\/div>\n\t\t\t\t\n\t\t\t\t\t\t\t\t\t<div class=\"swiper-pagination\"><\/div>\n\t\t\t\t\t\t\t\t\t<\/div>\n\t\t\t\t\t\t<\/div>\n\t\t\t\t<\/div>\n\t\t\t\t\t<\/div>\n\t\t<\/div>\n\t\t\t\t\t<\/div>\n\t\t<\/section>\n\t\t\t\t<\/div>\n\t\t","protected":false},"excerpt":{"rendered":"<p>PVC DeltaFloor\u2122 Rev\u00eatement pour environnements st\u00e9riles Rev\u00eatement en PVC h\u00e9t\u00e9rog\u00e8ne Les sols en PVC h\u00e9t\u00e9rog\u00e8nes pour environnements st\u00e9riles DeltaFloor\u2122 produits par Delta2000, une entreprise sp\u00e9cialis\u00e9e dans la conception, la fabrication et l&rsquo;installation de salles blanches, sont con\u00e7us pour \u00eatre utilis\u00e9s dans des zones \u00e0 atmosph\u00e8re contr\u00f4l\u00e9e et sont destin\u00e9s \u00e0 \u00eatre utilis\u00e9s dans divers secteurs [&hellip;]<\/p>\n","protected":false},"author":5,"featured_media":0,"parent":0,"menu_order":0,"comment_status":"closed","ping_status":"closed","template":"","meta":{"content-type":"","mapsvg_location":"","footnotes":""},"class_list":["post-19324","page","type-page","status-publish","hentry"],"yoast_head":"<!-- This site is optimized with the Yoast SEO Premium plugin v27.4 (Yoast SEO v27.4) - https:\/\/yoast.com\/product\/yoast-seo-premium-wordpress\/ -->\n<title>Sols en PVC DeltaFloor | Sols pour environnements st\u00e9riles Delta2000<\/title>\n<meta name=\"description\" content=\"La ligne DeltaFloor comprend les sols en PVC h\u00e9t\u00e9rog\u00e8nes, r\u00e9alis\u00e9s par Delta2000 pour salles blanches et environnements st\u00e9riles.\" \/>\n<meta name=\"robots\" content=\"index, follow, max-snippet:-1, max-image-preview:large, max-video-preview:-1\" \/>\n<link rel=\"canonical\" href=\"https:\/\/www.delta-2000.com\/fr\/revetement-en-pvc-heterogene\/\" \/>\n<meta property=\"og:locale\" content=\"fr_FR\" \/>\n<meta property=\"og:type\" content=\"article\" \/>\n<meta property=\"og:title\" content=\"Rev\u00eatement en PVC h\u00e9t\u00e9rog\u00e8ne\" \/>\n<meta property=\"og:description\" content=\"La ligne DeltaFloor comprend les sols en PVC h\u00e9t\u00e9rog\u00e8nes, r\u00e9alis\u00e9s par Delta2000 pour salles blanches et environnements st\u00e9riles.\" \/>\n<meta property=\"og:url\" content=\"https:\/\/www.delta-2000.com\/fr\/revetement-en-pvc-heterogene\/\" \/>\n<meta property=\"og:site_name\" content=\"Delta 2000\" \/>\n<meta property=\"article:modified_time\" content=\"2022-02-17T16:35:14+00:00\" \/>\n<meta property=\"og:image\" content=\"https:\/\/www.delta-2000.com\/wp-content\/uploads\/elementor\/thumbs\/Deltafloor-logotipo-peg94mbt44cvci4fqkwry0jykphsqq6dc4qfqyogrs.png\" \/>\n<meta name=\"twitter:card\" content=\"summary_large_image\" \/>\n<meta name=\"twitter:label1\" content=\"Dur\u00e9e de lecture estim\u00e9e\" \/>\n\t<meta name=\"twitter:data1\" content=\"3 minutes\" \/>\n<script type=\"application\/ld+json\" class=\"yoast-schema-graph\">{\"@context\":\"https:\\\/\\\/schema.org\",\"@graph\":[{\"@type\":\"WebPage\",\"@id\":\"https:\\\/\\\/www.delta-2000.com\\\/fr\\\/revetement-en-pvc-heterogene\\\/\",\"url\":\"https:\\\/\\\/www.delta-2000.com\\\/fr\\\/revetement-en-pvc-heterogene\\\/\",\"name\":\"Sols en PVC DeltaFloor | Sols pour environnements st\u00e9riles Delta2000\",\"isPartOf\":{\"@id\":\"https:\\\/\\\/www.delta-2000.com\\\/fr\\\/#website\"},\"primaryImageOfPage\":{\"@id\":\"https:\\\/\\\/www.delta-2000.com\\\/fr\\\/revetement-en-pvc-heterogene\\\/#primaryimage\"},\"image\":{\"@id\":\"https:\\\/\\\/www.delta-2000.com\\\/fr\\\/revetement-en-pvc-heterogene\\\/#primaryimage\"},\"thumbnailUrl\":\"https:\\\/\\\/www.delta-2000.com\\\/wp-content\\\/uploads\\\/elementor\\\/thumbs\\\/Deltafloor-logotipo-peg94mbt44cvci4fqkwry0jykphsqq6dc4qfqyogrs.png\",\"datePublished\":\"2021-11-02T08:12:28+00:00\",\"dateModified\":\"2022-02-17T16:35:14+00:00\",\"description\":\"La ligne DeltaFloor comprend les sols en PVC h\u00e9t\u00e9rog\u00e8nes, r\u00e9alis\u00e9s par Delta2000 pour salles blanches et environnements st\u00e9riles.\",\"breadcrumb\":{\"@id\":\"https:\\\/\\\/www.delta-2000.com\\\/fr\\\/revetement-en-pvc-heterogene\\\/#breadcrumb\"},\"inLanguage\":\"fr-FR\",\"potentialAction\":[{\"@type\":\"ReadAction\",\"target\":[\"https:\\\/\\\/www.delta-2000.com\\\/fr\\\/revetement-en-pvc-heterogene\\\/\"]}]},{\"@type\":\"ImageObject\",\"inLanguage\":\"fr-FR\",\"@id\":\"https:\\\/\\\/www.delta-2000.com\\\/fr\\\/revetement-en-pvc-heterogene\\\/#primaryimage\",\"url\":\"https:\\\/\\\/www.delta-2000.com\\\/wp-content\\\/uploads\\\/elementor\\\/thumbs\\\/Deltafloor-logotipo-peg94mbt44cvci4fqkwry0jykphsqq6dc4qfqyogrs.png\",\"contentUrl\":\"https:\\\/\\\/www.delta-2000.com\\\/wp-content\\\/uploads\\\/elementor\\\/thumbs\\\/Deltafloor-logotipo-peg94mbt44cvci4fqkwry0jykphsqq6dc4qfqyogrs.png\"},{\"@type\":\"BreadcrumbList\",\"@id\":\"https:\\\/\\\/www.delta-2000.com\\\/fr\\\/revetement-en-pvc-heterogene\\\/#breadcrumb\",\"itemListElement\":[{\"@type\":\"ListItem\",\"position\":1,\"name\":\"Home\",\"item\":\"https:\\\/\\\/www.delta-2000.com\\\/fr\\\/chambre-blanche\\\/\"},{\"@type\":\"ListItem\",\"position\":2,\"name\":\"Rev\u00eatement en PVC h\u00e9t\u00e9rog\u00e8ne\"}]},{\"@type\":\"WebSite\",\"@id\":\"https:\\\/\\\/www.delta-2000.com\\\/fr\\\/#website\",\"url\":\"https:\\\/\\\/www.delta-2000.com\\\/fr\\\/\",\"name\":\"Delta 2000\",\"description\":\"Leader mondiale nella progettazione e produzione di soluzioni per clean room e ambienti a contaminazione controllata\",\"publisher\":{\"@id\":\"https:\\\/\\\/www.delta-2000.com\\\/fr\\\/#organization\"},\"potentialAction\":[{\"@type\":\"SearchAction\",\"target\":{\"@type\":\"EntryPoint\",\"urlTemplate\":\"https:\\\/\\\/www.delta-2000.com\\\/fr\\\/?s={search_term_string}\"},\"query-input\":{\"@type\":\"PropertyValueSpecification\",\"valueRequired\":true,\"valueName\":\"search_term_string\"}}],\"inLanguage\":\"fr-FR\"},{\"@type\":\"Organization\",\"@id\":\"https:\\\/\\\/www.delta-2000.com\\\/fr\\\/#organization\",\"name\":\"Delta 2000 S.r.l.\",\"url\":\"https:\\\/\\\/www.delta-2000.com\\\/fr\\\/\",\"logo\":{\"@type\":\"ImageObject\",\"inLanguage\":\"fr-FR\",\"@id\":\"https:\\\/\\\/www.delta-2000.com\\\/fr\\\/#\\\/schema\\\/logo\\\/image\\\/\",\"url\":\"https:\\\/\\\/www.delta-2000.com\\\/wp-content\\\/uploads\\\/2020\\\/09\\\/Delta2000-Logo.jpg\",\"contentUrl\":\"https:\\\/\\\/www.delta-2000.com\\\/wp-content\\\/uploads\\\/2020\\\/09\\\/Delta2000-Logo.jpg\",\"width\":250,\"height\":63,\"caption\":\"Delta 2000 S.r.l.\"},\"image\":{\"@id\":\"https:\\\/\\\/www.delta-2000.com\\\/fr\\\/#\\\/schema\\\/logo\\\/image\\\/\"}}]}<\/script>\n<!-- \/ Yoast SEO Premium plugin. -->","yoast_head_json":{"title":"Sols en PVC DeltaFloor | Sols pour environnements st\u00e9riles Delta2000","description":"La ligne DeltaFloor comprend les sols en PVC h\u00e9t\u00e9rog\u00e8nes, r\u00e9alis\u00e9s par Delta2000 pour salles blanches et environnements st\u00e9riles.","robots":{"index":"index","follow":"follow","max-snippet":"max-snippet:-1","max-image-preview":"max-image-preview:large","max-video-preview":"max-video-preview:-1"},"canonical":"https:\/\/www.delta-2000.com\/fr\/revetement-en-pvc-heterogene\/","og_locale":"fr_FR","og_type":"article","og_title":"Rev\u00eatement en PVC h\u00e9t\u00e9rog\u00e8ne","og_description":"La ligne DeltaFloor comprend les sols en PVC h\u00e9t\u00e9rog\u00e8nes, r\u00e9alis\u00e9s par Delta2000 pour salles blanches et environnements st\u00e9riles.","og_url":"https:\/\/www.delta-2000.com\/fr\/revetement-en-pvc-heterogene\/","og_site_name":"Delta 2000","article_modified_time":"2022-02-17T16:35:14+00:00","og_image":[{"url":"https:\/\/www.delta-2000.com\/wp-content\/uploads\/elementor\/thumbs\/Deltafloor-logotipo-peg94mbt44cvci4fqkwry0jykphsqq6dc4qfqyogrs.png","type":"","width":"","height":""}],"twitter_card":"summary_large_image","twitter_misc":{"Dur\u00e9e de lecture estim\u00e9e":"3 minutes"},"schema":{"@context":"https:\/\/schema.org","@graph":[{"@type":"WebPage","@id":"https:\/\/www.delta-2000.com\/fr\/revetement-en-pvc-heterogene\/","url":"https:\/\/www.delta-2000.com\/fr\/revetement-en-pvc-heterogene\/","name":"Sols en PVC DeltaFloor | Sols pour environnements st\u00e9riles Delta2000","isPartOf":{"@id":"https:\/\/www.delta-2000.com\/fr\/#website"},"primaryImageOfPage":{"@id":"https:\/\/www.delta-2000.com\/fr\/revetement-en-pvc-heterogene\/#primaryimage"},"image":{"@id":"https:\/\/www.delta-2000.com\/fr\/revetement-en-pvc-heterogene\/#primaryimage"},"thumbnailUrl":"https:\/\/www.delta-2000.com\/wp-content\/uploads\/elementor\/thumbs\/Deltafloor-logotipo-peg94mbt44cvci4fqkwry0jykphsqq6dc4qfqyogrs.png","datePublished":"2021-11-02T08:12:28+00:00","dateModified":"2022-02-17T16:35:14+00:00","description":"La ligne DeltaFloor comprend les sols en PVC h\u00e9t\u00e9rog\u00e8nes, r\u00e9alis\u00e9s par Delta2000 pour salles blanches et environnements st\u00e9riles.","breadcrumb":{"@id":"https:\/\/www.delta-2000.com\/fr\/revetement-en-pvc-heterogene\/#breadcrumb"},"inLanguage":"fr-FR","potentialAction":[{"@type":"ReadAction","target":["https:\/\/www.delta-2000.com\/fr\/revetement-en-pvc-heterogene\/"]}]},{"@type":"ImageObject","inLanguage":"fr-FR","@id":"https:\/\/www.delta-2000.com\/fr\/revetement-en-pvc-heterogene\/#primaryimage","url":"https:\/\/www.delta-2000.com\/wp-content\/uploads\/elementor\/thumbs\/Deltafloor-logotipo-peg94mbt44cvci4fqkwry0jykphsqq6dc4qfqyogrs.png","contentUrl":"https:\/\/www.delta-2000.com\/wp-content\/uploads\/elementor\/thumbs\/Deltafloor-logotipo-peg94mbt44cvci4fqkwry0jykphsqq6dc4qfqyogrs.png"},{"@type":"BreadcrumbList","@id":"https:\/\/www.delta-2000.com\/fr\/revetement-en-pvc-heterogene\/#breadcrumb","itemListElement":[{"@type":"ListItem","position":1,"name":"Home","item":"https:\/\/www.delta-2000.com\/fr\/chambre-blanche\/"},{"@type":"ListItem","position":2,"name":"Rev\u00eatement en PVC h\u00e9t\u00e9rog\u00e8ne"}]},{"@type":"WebSite","@id":"https:\/\/www.delta-2000.com\/fr\/#website","url":"https:\/\/www.delta-2000.com\/fr\/","name":"Delta 2000","description":"Leader mondiale nella progettazione e produzione di soluzioni per clean room e ambienti a contaminazione controllata","publisher":{"@id":"https:\/\/www.delta-2000.com\/fr\/#organization"},"potentialAction":[{"@type":"SearchAction","target":{"@type":"EntryPoint","urlTemplate":"https:\/\/www.delta-2000.com\/fr\/?s={search_term_string}"},"query-input":{"@type":"PropertyValueSpecification","valueRequired":true,"valueName":"search_term_string"}}],"inLanguage":"fr-FR"},{"@type":"Organization","@id":"https:\/\/www.delta-2000.com\/fr\/#organization","name":"Delta 2000 S.r.l.","url":"https:\/\/www.delta-2000.com\/fr\/","logo":{"@type":"ImageObject","inLanguage":"fr-FR","@id":"https:\/\/www.delta-2000.com\/fr\/#\/schema\/logo\/image\/","url":"https:\/\/www.delta-2000.com\/wp-content\/uploads\/2020\/09\/Delta2000-Logo.jpg","contentUrl":"https:\/\/www.delta-2000.com\/wp-content\/uploads\/2020\/09\/Delta2000-Logo.jpg","width":250,"height":63,"caption":"Delta 2000 S.r.l."},"image":{"@id":"https:\/\/www.delta-2000.com\/fr\/#\/schema\/logo\/image\/"}}]}},"_links":{"self":[{"href":"https:\/\/www.delta-2000.com\/fr\/wp-json\/wp\/v2\/pages\/19324","targetHints":{"allow":["GET"]}}],"collection":[{"href":"https:\/\/www.delta-2000.com\/fr\/wp-json\/wp\/v2\/pages"}],"about":[{"href":"https:\/\/www.delta-2000.com\/fr\/wp-json\/wp\/v2\/types\/page"}],"author":[{"embeddable":true,"href":"https:\/\/www.delta-2000.com\/fr\/wp-json\/wp\/v2\/users\/5"}],"replies":[{"embeddable":true,"href":"https:\/\/www.delta-2000.com\/fr\/wp-json\/wp\/v2\/comments?post=19324"}],"version-history":[{"count":5,"href":"https:\/\/www.delta-2000.com\/fr\/wp-json\/wp\/v2\/pages\/19324\/revisions"}],"predecessor-version":[{"id":22296,"href":"https:\/\/www.delta-2000.com\/fr\/wp-json\/wp\/v2\/pages\/19324\/revisions\/22296"}],"wp:attachment":[{"href":"https:\/\/www.delta-2000.com\/fr\/wp-json\/wp\/v2\/media?parent=19324"}],"curies":[{"name":"wp","href":"https:\/\/api.w.org\/{rel}","templated":true}]}}