{"id":18263,"date":"2021-10-15T15:41:21","date_gmt":"2021-10-15T13:41:21","guid":{"rendered":"https:\/\/delta-2000.com\/case-history\/"},"modified":"2026-02-20T12:28:21","modified_gmt":"2026-02-20T11:28:21","slug":"historique-du-cas","status":"publish","type":"page","link":"https:\/\/www.delta-2000.com\/fr\/historique-du-cas\/","title":{"rendered":"Historique du cas"},"content":{"rendered":"\t\t<div data-elementor-type=\"wp-page\" data-elementor-id=\"18263\" class=\"elementor elementor-18263 elementor-15690\" data-elementor-post-type=\"page\">\n\t\t\t\t<div class=\"elementor-element elementor-element-40cc921 e-flex e-con-boxed e-con e-parent\" data-id=\"40cc921\" data-element_type=\"container\" data-e-type=\"container\" data-settings=\"{&quot;background_background&quot;:&quot;classic&quot;}\">\n\t\t\t\t\t<div class=\"e-con-inner\">\n\t\t<div class=\"elementor-element elementor-element-320d6c8 e-con-full e-flex e-con e-child\" data-id=\"320d6c8\" data-element_type=\"container\" data-e-type=\"container\" data-settings=\"{&quot;background_background&quot;:&quot;classic&quot;}\">\n\t\t\t\t<div class=\"elementor-element elementor-element-c48e4f6 elementor-widget elementor-widget-heading\" data-id=\"c48e4f6\" data-element_type=\"widget\" data-e-type=\"widget\" data-widget_type=\"heading.default\">\n\t\t\t\t<div class=\"elementor-widget-container\">\n\t\t\t\t\t<h1 class=\"elementor-heading-title elementor-size-default\">Historique du cas Delta2000<\/h1>\t\t\t\t<\/div>\n\t\t\t\t<\/div>\n\t\t\t\t<div class=\"elementor-element elementor-element-cfc3747 elementor-widget elementor-widget-heading\" data-id=\"cfc3747\" data-element_type=\"widget\" data-e-type=\"widget\" data-widget_type=\"heading.default\">\n\t\t\t\t<div class=\"elementor-widget-container\">\n\t\t\t\t\t<h2 class=\"elementor-heading-title elementor-size-default\">Nos projets<\/h2>\t\t\t\t<\/div>\n\t\t\t\t<\/div>\n\t\t\t\t<\/div>\n\t\t\t\t\t<\/div>\n\t\t\t\t<\/div>\n\t\t\t\t<\/div>\n\t\t","protected":false},"excerpt":{"rendered":"<p>D\u00e9couvrez les cas pratiques de Delta2000, entreprise leader sp\u00e9cialis\u00e9e dans la conception et la production de salles blanches ou cleanrooms.<\/p>\n","protected":false},"author":5,"featured_media":0,"parent":0,"menu_order":0,"comment_status":"closed","ping_status":"closed","template":"","meta":{"content-type":"","mapsvg_location":"","footnotes":""},"class_list":["post-18263","page","type-page","status-publish","hentry"],"yoast_head":"<!-- This site is optimized with the Yoast SEO Premium plugin v27.5 (Yoast SEO v27.5) - https:\/\/yoast.com\/product\/yoast-seo-premium-wordpress\/ -->\n<title>Historique du cas Delta2000 | Nos projets<\/title>\n<meta name=\"description\" content=\"D\u00e9couvrez les cas pratiques de Delta2000, entreprise leader sp\u00e9cialis\u00e9e dans la conception et la production de salles blanches ou cleanrooms.\" \/>\n<meta name=\"robots\" content=\"index, follow, max-snippet:-1, max-image-preview:large, max-video-preview:-1\" \/>\n<link rel=\"canonical\" href=\"https:\/\/www.delta-2000.com\/fr\/historique-du-cas\/\" \/>\n<meta property=\"og:locale\" content=\"fr_FR\" \/>\n<meta property=\"og:type\" content=\"article\" \/>\n<meta property=\"og:title\" content=\"Historique du cas\" \/>\n<meta property=\"og:description\" content=\"D\u00e9couvrez les cas pratiques de Delta2000, entreprise leader sp\u00e9cialis\u00e9e dans la conception et la production de salles blanches ou cleanrooms.\" \/>\n<meta property=\"og:url\" content=\"https:\/\/www.delta-2000.com\/fr\/historique-du-cas\/\" \/>\n<meta property=\"og:site_name\" content=\"Delta 2000\" \/>\n<meta property=\"article:modified_time\" content=\"2026-02-20T11:28:21+00:00\" \/>\n<meta name=\"twitter:card\" content=\"summary_large_image\" \/>\n<meta name=\"twitter:label1\" content=\"Dur\u00e9e de lecture estim\u00e9e\" \/>\n\t<meta name=\"twitter:data1\" content=\"1 minute\" \/>\n<script type=\"application\/ld+json\" class=\"yoast-schema-graph\">{\"@context\":\"https:\\\/\\\/schema.org\",\"@graph\":[{\"@type\":\"WebPage\",\"@id\":\"https:\\\/\\\/www.delta-2000.com\\\/fr\\\/historique-du-cas\\\/\",\"url\":\"https:\\\/\\\/www.delta-2000.com\\\/fr\\\/historique-du-cas\\\/\",\"name\":\"Historique du cas Delta2000 | Nos projets\",\"isPartOf\":{\"@id\":\"https:\\\/\\\/www.delta-2000.com\\\/fr\\\/#website\"},\"datePublished\":\"2021-10-15T13:41:21+00:00\",\"dateModified\":\"2026-02-20T11:28:21+00:00\",\"description\":\"D\u00e9couvrez les cas pratiques de Delta2000, entreprise leader sp\u00e9cialis\u00e9e dans la conception et la production de salles blanches ou cleanrooms.\",\"breadcrumb\":{\"@id\":\"https:\\\/\\\/www.delta-2000.com\\\/fr\\\/historique-du-cas\\\/#breadcrumb\"},\"inLanguage\":\"fr-FR\",\"potentialAction\":[{\"@type\":\"ReadAction\",\"target\":[\"https:\\\/\\\/www.delta-2000.com\\\/fr\\\/historique-du-cas\\\/\"]}]},{\"@type\":\"BreadcrumbList\",\"@id\":\"https:\\\/\\\/www.delta-2000.com\\\/fr\\\/historique-du-cas\\\/#breadcrumb\",\"itemListElement\":[{\"@type\":\"ListItem\",\"position\":1,\"name\":\"Home\",\"item\":\"https:\\\/\\\/www.delta-2000.com\\\/fr\\\/chambre-blanche\\\/\"},{\"@type\":\"ListItem\",\"position\":2,\"name\":\"Historique du cas\"}]},{\"@type\":\"WebSite\",\"@id\":\"https:\\\/\\\/www.delta-2000.com\\\/fr\\\/#website\",\"url\":\"https:\\\/\\\/www.delta-2000.com\\\/fr\\\/\",\"name\":\"Delta 2000\",\"description\":\"Leader mondiale nella progettazione e produzione di soluzioni per clean room e ambienti a contaminazione controllata\",\"publisher\":{\"@id\":\"https:\\\/\\\/www.delta-2000.com\\\/fr\\\/#organization\"},\"potentialAction\":[{\"@type\":\"SearchAction\",\"target\":{\"@type\":\"EntryPoint\",\"urlTemplate\":\"https:\\\/\\\/www.delta-2000.com\\\/fr\\\/?s={search_term_string}\"},\"query-input\":{\"@type\":\"PropertyValueSpecification\",\"valueRequired\":true,\"valueName\":\"search_term_string\"}}],\"inLanguage\":\"fr-FR\"},{\"@type\":\"Organization\",\"@id\":\"https:\\\/\\\/www.delta-2000.com\\\/fr\\\/#organization\",\"name\":\"Delta 2000 S.r.l.\",\"url\":\"https:\\\/\\\/www.delta-2000.com\\\/fr\\\/\",\"logo\":{\"@type\":\"ImageObject\",\"inLanguage\":\"fr-FR\",\"@id\":\"https:\\\/\\\/www.delta-2000.com\\\/fr\\\/#\\\/schema\\\/logo\\\/image\\\/\",\"url\":\"https:\\\/\\\/www.delta-2000.com\\\/wp-content\\\/uploads\\\/2020\\\/09\\\/Delta2000-Logo.jpg\",\"contentUrl\":\"https:\\\/\\\/www.delta-2000.com\\\/wp-content\\\/uploads\\\/2020\\\/09\\\/Delta2000-Logo.jpg\",\"width\":250,\"height\":63,\"caption\":\"Delta 2000 S.r.l.\"},\"image\":{\"@id\":\"https:\\\/\\\/www.delta-2000.com\\\/fr\\\/#\\\/schema\\\/logo\\\/image\\\/\"}}]}<\/script>\n<!-- \/ Yoast SEO Premium plugin. -->","yoast_head_json":{"title":"Historique du cas Delta2000 | Nos projets","description":"D\u00e9couvrez les cas pratiques de Delta2000, entreprise leader sp\u00e9cialis\u00e9e dans la conception et la production de salles blanches ou cleanrooms.","robots":{"index":"index","follow":"follow","max-snippet":"max-snippet:-1","max-image-preview":"max-image-preview:large","max-video-preview":"max-video-preview:-1"},"canonical":"https:\/\/www.delta-2000.com\/fr\/historique-du-cas\/","og_locale":"fr_FR","og_type":"article","og_title":"Historique du cas","og_description":"D\u00e9couvrez les cas pratiques de Delta2000, entreprise leader sp\u00e9cialis\u00e9e dans la conception et la production de salles blanches ou cleanrooms.","og_url":"https:\/\/www.delta-2000.com\/fr\/historique-du-cas\/","og_site_name":"Delta 2000","article_modified_time":"2026-02-20T11:28:21+00:00","twitter_card":"summary_large_image","twitter_misc":{"Dur\u00e9e de lecture estim\u00e9e":"1 minute"},"schema":{"@context":"https:\/\/schema.org","@graph":[{"@type":"WebPage","@id":"https:\/\/www.delta-2000.com\/fr\/historique-du-cas\/","url":"https:\/\/www.delta-2000.com\/fr\/historique-du-cas\/","name":"Historique du cas Delta2000 | Nos projets","isPartOf":{"@id":"https:\/\/www.delta-2000.com\/fr\/#website"},"datePublished":"2021-10-15T13:41:21+00:00","dateModified":"2026-02-20T11:28:21+00:00","description":"D\u00e9couvrez les cas pratiques de Delta2000, entreprise leader sp\u00e9cialis\u00e9e dans la conception et la production de salles blanches ou cleanrooms.","breadcrumb":{"@id":"https:\/\/www.delta-2000.com\/fr\/historique-du-cas\/#breadcrumb"},"inLanguage":"fr-FR","potentialAction":[{"@type":"ReadAction","target":["https:\/\/www.delta-2000.com\/fr\/historique-du-cas\/"]}]},{"@type":"BreadcrumbList","@id":"https:\/\/www.delta-2000.com\/fr\/historique-du-cas\/#breadcrumb","itemListElement":[{"@type":"ListItem","position":1,"name":"Home","item":"https:\/\/www.delta-2000.com\/fr\/chambre-blanche\/"},{"@type":"ListItem","position":2,"name":"Historique du cas"}]},{"@type":"WebSite","@id":"https:\/\/www.delta-2000.com\/fr\/#website","url":"https:\/\/www.delta-2000.com\/fr\/","name":"Delta 2000","description":"Leader mondiale nella progettazione e produzione di soluzioni per clean room e ambienti a contaminazione controllata","publisher":{"@id":"https:\/\/www.delta-2000.com\/fr\/#organization"},"potentialAction":[{"@type":"SearchAction","target":{"@type":"EntryPoint","urlTemplate":"https:\/\/www.delta-2000.com\/fr\/?s={search_term_string}"},"query-input":{"@type":"PropertyValueSpecification","valueRequired":true,"valueName":"search_term_string"}}],"inLanguage":"fr-FR"},{"@type":"Organization","@id":"https:\/\/www.delta-2000.com\/fr\/#organization","name":"Delta 2000 S.r.l.","url":"https:\/\/www.delta-2000.com\/fr\/","logo":{"@type":"ImageObject","inLanguage":"fr-FR","@id":"https:\/\/www.delta-2000.com\/fr\/#\/schema\/logo\/image\/","url":"https:\/\/www.delta-2000.com\/wp-content\/uploads\/2020\/09\/Delta2000-Logo.jpg","contentUrl":"https:\/\/www.delta-2000.com\/wp-content\/uploads\/2020\/09\/Delta2000-Logo.jpg","width":250,"height":63,"caption":"Delta 2000 S.r.l."},"image":{"@id":"https:\/\/www.delta-2000.com\/fr\/#\/schema\/logo\/image\/"}}]}},"_links":{"self":[{"href":"https:\/\/www.delta-2000.com\/fr\/wp-json\/wp\/v2\/pages\/18263","targetHints":{"allow":["GET"]}}],"collection":[{"href":"https:\/\/www.delta-2000.com\/fr\/wp-json\/wp\/v2\/pages"}],"about":[{"href":"https:\/\/www.delta-2000.com\/fr\/wp-json\/wp\/v2\/types\/page"}],"author":[{"embeddable":true,"href":"https:\/\/www.delta-2000.com\/fr\/wp-json\/wp\/v2\/users\/5"}],"replies":[{"embeddable":true,"href":"https:\/\/www.delta-2000.com\/fr\/wp-json\/wp\/v2\/comments?post=18263"}],"version-history":[{"count":10,"href":"https:\/\/www.delta-2000.com\/fr\/wp-json\/wp\/v2\/pages\/18263\/revisions"}],"predecessor-version":[{"id":31602,"href":"https:\/\/www.delta-2000.com\/fr\/wp-json\/wp\/v2\/pages\/18263\/revisions\/31602"}],"wp:attachment":[{"href":"https:\/\/www.delta-2000.com\/fr\/wp-json\/wp\/v2\/media?parent=18263"}],"curies":[{"name":"wp","href":"https:\/\/api.w.org\/{rel}","templated":true}]}}