{"id":15974,"date":"2021-10-14T16:07:54","date_gmt":"2021-10-14T14:07:54","guid":{"rendered":"https:\/\/delta-2000.com\/?page_id=15974"},"modified":"2026-02-05T10:16:45","modified_gmt":"2026-02-05T09:16:45","slug":"marche","status":"publish","type":"page","link":"https:\/\/www.delta-2000.com\/fr\/marche\/","title":{"rendered":"March\u00e9"},"content":{"rendered":"\t\t<div data-elementor-type=\"wp-page\" data-elementor-id=\"15974\" class=\"elementor elementor-15974 elementor-15971\" data-elementor-post-type=\"page\">\n\t\t\t\t<div class=\"elementor-element elementor-element-cf52b65 e-flex e-con-boxed e-con e-parent\" data-id=\"cf52b65\" data-element_type=\"container\" data-e-type=\"container\">\n\t\t\t\t\t<div class=\"e-con-inner\">\n\t\t\t\t<div class=\"elementor-element elementor-element-82de43f elementor-widget elementor-widget-heading\" data-id=\"82de43f\" data-element_type=\"widget\" data-e-type=\"widget\" data-widget_type=\"heading.default\">\n\t\t\t\t<div class=\"elementor-widget-container\">\n\t\t\t\t\t<h1 class=\"elementor-heading-title elementor-size-default\">Delta 2000 dans le monde<\/h1>\t\t\t\t<\/div>\n\t\t\t\t<\/div>\n\t\t\t\t<div class=\"elementor-element elementor-element-62ba805 elementor-widget elementor-widget-heading\" data-id=\"62ba805\" data-element_type=\"widget\" data-e-type=\"widget\" data-widget_type=\"heading.default\">\n\t\t\t\t<div class=\"elementor-widget-container\">\n\t\t\t\t\t<h2 class=\"elementor-heading-title elementor-size-default\">Nous op\u00e9rons en Italie, en Europe et dans le monde entier, et nous visons un d\u00e9veloppement mondial.<\/h2>\t\t\t\t<\/div>\n\t\t\t\t<\/div>\n\t\t\t\t<div class=\"elementor-element elementor-element-69f0a11 elementor-widget elementor-widget-text-editor\" data-id=\"69f0a11\" data-element_type=\"widget\" data-e-type=\"widget\" data-widget_type=\"text-editor.default\">\n\t\t\t\t<div class=\"elementor-widget-container\">\n\t\t\t\t\t\t\t\t\t<p><b>Delta 2000<\/b>, entreprise leader dans la <b>production et la conception de salles blanches pour environnements st\u00e9riles<\/b>, est en mesure de r\u00e9aliser ses projets partout dans le monde gr\u00e2ce \u00e0 son style, son dynamisme en mati\u00e8re d&rsquo;innovation, sa recherche et son d\u00e9veloppement, son savoir-faire et son organisation pour une distribution mondiale.<\/p>\n\t\t\t\t\t\t\t\t<\/div>\n\t\t\t\t<\/div>\n\t\t\t\t<div class=\"elementor-element elementor-element-21bd821 elementor-widget elementor-widget-text-editor\" data-id=\"21bd821\" data-element_type=\"widget\" data-e-type=\"widget\" data-widget_type=\"text-editor.default\">\n\t\t\t\t<div class=\"elementor-widget-container\">\n\t\t\t\t\t\t\t\t\t<p><em>Cliquez sur la r\u00e9gion color\u00e9e en vert pour plus de d\u00e9tails et d&rsquo;informations.<\/em><\/p>\n\t\t\t\t\t\t\t\t<\/div>\n\t\t\t\t<\/div>\n\t\t\t\t\t<\/div>\n\t\t\t\t<\/div>\n\t\t<div class=\"elementor-element elementor-element-b5b6496 e-flex e-con-boxed e-con e-parent\" data-id=\"b5b6496\" data-element_type=\"container\" data-e-type=\"container\">\n\t\t\t\t\t<div class=\"e-con-inner\">\n\t\t\t\t<div class=\"elementor-element elementor-element-5d8f5da elementor-widget elementor-widget-shortcode\" data-id=\"5d8f5da\" data-element_type=\"widget\" data-e-type=\"widget\" data-widget_type=\"shortcode.default\">\n\t\t\t\t<div class=\"elementor-widget-container\">\n\t\t\t\t\t\t\t<div class=\"elementor-shortcode\"><div id=\"mapsvg-3\" data-id=\"3\" class=\"mapsvg\" data-svg-file-last-changed=\"1664789302\" data-autoload=\"true\" data-loading-text=\"Loading map...\" data-region-prefix=\"\" data-width=\"1009.1149\" data-height=\"665.242\"><\/div><\/div>\n\t\t\t\t\t\t<\/div>\n\t\t\t\t<\/div>\n\t\t\t\t\t<\/div>\n\t\t\t\t<\/div>\n\t\t<div class=\"elementor-element elementor-element-729a3c8 e-flex e-con-boxed e-con e-parent\" data-id=\"729a3c8\" data-element_type=\"container\" data-e-type=\"container\">\n\t\t\t\t\t<div class=\"e-con-inner\">\n\t\t<div class=\"elementor-element elementor-element-9119bd6 e-con-full e-flex e-con e-child\" data-id=\"9119bd6\" data-element_type=\"container\" data-e-type=\"container\">\n\t\t\t\t<div class=\"elementor-element elementor-element-5db13f7 elementor-widget elementor-widget-heading\" data-id=\"5db13f7\" data-element_type=\"widget\" data-e-type=\"widget\" data-widget_type=\"heading.default\">\n\t\t\t\t<div class=\"elementor-widget-container\">\n\t\t\t\t\t<h2 class=\"elementor-heading-title elementor-size-default\">O\u00f9 op\u00e9rons-nous ?<\/h2>\t\t\t\t<\/div>\n\t\t\t\t<\/div>\n\t\t\t\t<div class=\"elementor-element elementor-element-bf5824e elementor-widget elementor-widget-text-editor\" data-id=\"bf5824e\" data-element_type=\"widget\" data-e-type=\"widget\" data-widget_type=\"text-editor.default\">\n\t\t\t\t<div class=\"elementor-widget-container\">\n\t\t\t\t\t\t\t\t\t<h3>Italie<\/h3>\n<p>Sur le march\u00e9 local, nous nous sommes distingu\u00e9s par notre s\u00e9rieux et notre capacit\u00e9 de r\u00e9alisation, en nous r\u00e9v\u00e9lant \u00eatre d&rsquo;excellents partenaires pour toutes les entreprises leaders du secteur, qui font confiance \u00e0 Delta2000 pour la r\u00e9alisation de leurs projets.<\/p>\n<h3>Europe<\/h3>\n<p>Au niveau europ\u00e9en, nous nous proposons comme partenaire de toutes les entreprises qui ont besoin d&rsquo;environnements \u00e0 contamination contr\u00f4l\u00e9e pour prot\u00e9ger leurs produits.<\/p>\n<h3>Monde<\/h3>\n<p>Gr\u00e2ce \u00e0 notre aptitude au travail d&rsquo;\u00e9quipe, notre r\u00e9seau nous permet de rechercher, d&rsquo;acqu\u00e9rir et de r\u00e9aliser avec succ\u00e8s des projets \u00e0 l&rsquo;\u00e9chelle mondiale.<\/p>\n\t\t\t\t\t\t\t\t<\/div>\n\t\t\t\t<\/div>\n\t\t\t\t<div class=\"elementor-element elementor-element-93e183b elementor-widget elementor-widget-image\" data-id=\"93e183b\" data-element_type=\"widget\" data-e-type=\"widget\" data-widget_type=\"image.default\">\n\t\t\t\t<div class=\"elementor-widget-container\">\n\t\t\t\t\t\t\t\t\t\t\t\t\t\t\t<img fetchpriority=\"high\" decoding=\"async\" width=\"700\" height=\"367\" src=\"https:\/\/www.delta-2000.com\/wp-content\/uploads\/2021\/06\/Delta2000-Mercati.png\" class=\"attachment-full size-full wp-image-18134\" alt=\"Delta2000 March\u00e9\" srcset=\"https:\/\/www.delta-2000.com\/wp-content\/uploads\/2021\/06\/Delta2000-Mercati.png 700w, https:\/\/www.delta-2000.com\/wp-content\/uploads\/2021\/06\/Delta2000-Mercati-300x157.png 300w, https:\/\/www.delta-2000.com\/wp-content\/uploads\/2021\/06\/Delta2000-Mercati-600x315.png 600w\" sizes=\"(max-width: 700px) 100vw, 700px\" \/>\t\t\t\t\t\t\t\t\t\t\t\t\t\t\t<\/div>\n\t\t\t\t<\/div>\n\t\t\t\t<div class=\"elementor-element elementor-element-328d91a elementor-align-center elementor-widget elementor-widget-button\" data-id=\"328d91a\" data-element_type=\"widget\" data-e-type=\"widget\" data-widget_type=\"button.default\">\n\t\t\t\t<div class=\"elementor-widget-container\">\n\t\t\t\t\t\t\t\t\t<div class=\"elementor-button-wrapper\">\n\t\t\t\t\t<a class=\"elementor-button elementor-button-link elementor-size-sm\" href=\"\/wp-content\/uploads\/2018\/02\/company-profile-fr.pdf\" target=\"_blank\">\n\t\t\t\t\t\t<span class=\"elementor-button-content-wrapper\">\n\t\t\t\t\t\t\t\t\t<span class=\"elementor-button-text\">T\u00e9l\u00e9chargez notre profil d'entreprise<\/span>\n\t\t\t\t\t<\/span>\n\t\t\t\t\t<\/a>\n\t\t\t\t<\/div>\n\t\t\t\t\t\t\t\t<\/div>\n\t\t\t\t<\/div>\n\t\t\t\t<\/div>\n\t\t\t\t\t<\/div>\n\t\t\t\t<\/div>\n\t\t<div class=\"elementor-element elementor-element-f727d57 e-flex e-con-boxed e-con e-parent\" data-id=\"f727d57\" data-element_type=\"container\" data-e-type=\"container\">\n\t\t\t\t\t<div class=\"e-con-inner\">\n\t\t<div class=\"elementor-element elementor-element-91b4f55 e-con-full e-flex e-con e-child\" data-id=\"91b4f55\" data-element_type=\"container\" data-e-type=\"container\" data-settings=\"{&quot;background_background&quot;:&quot;video&quot;,&quot;background_video_link&quot;:&quot;https:\\\/\\\/www.youtube.com\\\/watch?v=1R-l6JRHE1s&quot;,&quot;background_play_on_mobile&quot;:&quot;yes&quot;}\">\n\t\t<div class=\"elementor-background-video-container\">\n\t\t\t\t\t\t\t<div class=\"elementor-background-video-embed\" role=\"presentation\"><\/div>\n\t\t\t\t\t\t<\/div>\t\t<div class=\"elementor-element elementor-element-bb286db elementor-widget__width-initial elementor-widget-tablet__width-inherit elementor-widget elementor-widget-heading\" data-id=\"bb286db\" data-element_type=\"widget\" data-e-type=\"widget\" data-widget_type=\"heading.default\">\n\t\t\t\t<div class=\"elementor-widget-container\">\n\t\t\t\t\t<h2 class=\"elementor-heading-title elementor-size-default\">Nous apportons innovation et progr\u00e8s dans le monde entier !<\/h2>\t\t\t\t<\/div>\n\t\t\t\t<\/div>\n\t\t\t\t<\/div>\n\t\t\t\t\t<\/div>\n\t\t\t\t<\/div>\n\t\t\t\t<\/div>\n\t\t","protected":false},"excerpt":{"rendered":"<p>Delta 2000 dans le monde Nous op\u00e9rons en Italie, en Europe et dans le monde entier, et nous visons un d\u00e9veloppement mondial. Delta 2000, entreprise leader dans la production et la conception de salles blanches pour environnements st\u00e9riles, est en mesure de r\u00e9aliser ses projets partout dans le monde gr\u00e2ce \u00e0 son style, son dynamisme [&hellip;]<\/p>\n","protected":false},"author":5,"featured_media":29232,"parent":0,"menu_order":4,"comment_status":"closed","ping_status":"closed","template":"","meta":{"content-type":"","mapsvg_location":"","footnotes":""},"class_list":["post-15974","page","type-page","status-publish","has-post-thumbnail","hentry"],"yoast_head":"<!-- This site is optimized with the Yoast SEO Premium plugin v27.5 (Yoast SEO v27.5) - https:\/\/yoast.com\/product\/yoast-seo-premium-wordpress\/ -->\n<title>Mercati Delta 2000, production et conception de salles blanches<\/title>\n<meta name=\"description\" content=\"Delta2000 dans le monde. Entreprise leader dans la production et la conception de salles blanches pour environnements st\u00e9riles.\" \/>\n<meta name=\"robots\" content=\"index, follow, max-snippet:-1, max-image-preview:large, max-video-preview:-1\" \/>\n<link rel=\"canonical\" href=\"https:\/\/www.delta-2000.com\/fr\/marche\/\" \/>\n<meta property=\"og:locale\" content=\"fr_FR\" \/>\n<meta property=\"og:type\" content=\"article\" \/>\n<meta property=\"og:title\" content=\"March\u00e9\" \/>\n<meta property=\"og:description\" content=\"Delta2000 dans le monde. Entreprise leader dans la production et la conception de salles blanches pour environnements st\u00e9riles.\" \/>\n<meta property=\"og:url\" content=\"https:\/\/www.delta-2000.com\/fr\/marche\/\" \/>\n<meta property=\"og:site_name\" content=\"Delta 2000\" \/>\n<meta property=\"article:modified_time\" content=\"2026-02-05T09:16:45+00:00\" \/>\n<meta property=\"og:image\" content=\"https:\/\/www.delta-2000.com\/wp-content\/uploads\/2025\/10\/produzione-e-progettazione-di-camere-bianche.jpg\" \/>\n\t<meta property=\"og:image:width\" content=\"400\" \/>\n\t<meta property=\"og:image:height\" content=\"400\" \/>\n\t<meta property=\"og:image:type\" content=\"image\/jpeg\" \/>\n<meta name=\"twitter:card\" content=\"summary_large_image\" \/>\n<meta name=\"twitter:label1\" content=\"Dur\u00e9e de lecture estim\u00e9e\" \/>\n\t<meta name=\"twitter:data1\" content=\"3 minutes\" \/>\n<script type=\"application\/ld+json\" class=\"yoast-schema-graph\">{\"@context\":\"https:\\\/\\\/schema.org\",\"@graph\":[{\"@type\":\"WebPage\",\"@id\":\"https:\\\/\\\/www.delta-2000.com\\\/fr\\\/marche\\\/\",\"url\":\"https:\\\/\\\/www.delta-2000.com\\\/fr\\\/marche\\\/\",\"name\":\"Mercati Delta 2000, production et conception de salles blanches\",\"isPartOf\":{\"@id\":\"https:\\\/\\\/www.delta-2000.com\\\/fr\\\/#website\"},\"primaryImageOfPage\":{\"@id\":\"https:\\\/\\\/www.delta-2000.com\\\/fr\\\/marche\\\/#primaryimage\"},\"image\":{\"@id\":\"https:\\\/\\\/www.delta-2000.com\\\/fr\\\/marche\\\/#primaryimage\"},\"thumbnailUrl\":\"https:\\\/\\\/www.delta-2000.com\\\/wp-content\\\/uploads\\\/2025\\\/10\\\/produzione-e-progettazione-di-camere-bianche.jpg\",\"datePublished\":\"2021-10-14T14:07:54+00:00\",\"dateModified\":\"2026-02-05T09:16:45+00:00\",\"description\":\"Delta2000 dans le monde. Entreprise leader dans la production et la conception de salles blanches pour environnements st\u00e9riles.\",\"breadcrumb\":{\"@id\":\"https:\\\/\\\/www.delta-2000.com\\\/fr\\\/marche\\\/#breadcrumb\"},\"inLanguage\":\"fr-FR\",\"potentialAction\":[{\"@type\":\"ReadAction\",\"target\":[\"https:\\\/\\\/www.delta-2000.com\\\/fr\\\/marche\\\/\"]}]},{\"@type\":\"ImageObject\",\"inLanguage\":\"fr-FR\",\"@id\":\"https:\\\/\\\/www.delta-2000.com\\\/fr\\\/marche\\\/#primaryimage\",\"url\":\"https:\\\/\\\/www.delta-2000.com\\\/wp-content\\\/uploads\\\/2025\\\/10\\\/produzione-e-progettazione-di-camere-bianche.jpg\",\"contentUrl\":\"https:\\\/\\\/www.delta-2000.com\\\/wp-content\\\/uploads\\\/2025\\\/10\\\/produzione-e-progettazione-di-camere-bianche.jpg\",\"width\":400,\"height\":400},{\"@type\":\"BreadcrumbList\",\"@id\":\"https:\\\/\\\/www.delta-2000.com\\\/fr\\\/marche\\\/#breadcrumb\",\"itemListElement\":[{\"@type\":\"ListItem\",\"position\":1,\"name\":\"Home\",\"item\":\"https:\\\/\\\/www.delta-2000.com\\\/fr\\\/chambre-blanche\\\/\"},{\"@type\":\"ListItem\",\"position\":2,\"name\":\"March\u00e9\"}]},{\"@type\":\"WebSite\",\"@id\":\"https:\\\/\\\/www.delta-2000.com\\\/fr\\\/#website\",\"url\":\"https:\\\/\\\/www.delta-2000.com\\\/fr\\\/\",\"name\":\"Delta 2000\",\"description\":\"Leader mondiale nella progettazione e produzione di soluzioni per clean room e ambienti a contaminazione controllata\",\"publisher\":{\"@id\":\"https:\\\/\\\/www.delta-2000.com\\\/fr\\\/#organization\"},\"potentialAction\":[{\"@type\":\"SearchAction\",\"target\":{\"@type\":\"EntryPoint\",\"urlTemplate\":\"https:\\\/\\\/www.delta-2000.com\\\/fr\\\/?s={search_term_string}\"},\"query-input\":{\"@type\":\"PropertyValueSpecification\",\"valueRequired\":true,\"valueName\":\"search_term_string\"}}],\"inLanguage\":\"fr-FR\"},{\"@type\":\"Organization\",\"@id\":\"https:\\\/\\\/www.delta-2000.com\\\/fr\\\/#organization\",\"name\":\"Delta 2000 S.r.l.\",\"url\":\"https:\\\/\\\/www.delta-2000.com\\\/fr\\\/\",\"logo\":{\"@type\":\"ImageObject\",\"inLanguage\":\"fr-FR\",\"@id\":\"https:\\\/\\\/www.delta-2000.com\\\/fr\\\/#\\\/schema\\\/logo\\\/image\\\/\",\"url\":\"https:\\\/\\\/www.delta-2000.com\\\/wp-content\\\/uploads\\\/2020\\\/09\\\/Delta2000-Logo.jpg\",\"contentUrl\":\"https:\\\/\\\/www.delta-2000.com\\\/wp-content\\\/uploads\\\/2020\\\/09\\\/Delta2000-Logo.jpg\",\"width\":250,\"height\":63,\"caption\":\"Delta 2000 S.r.l.\"},\"image\":{\"@id\":\"https:\\\/\\\/www.delta-2000.com\\\/fr\\\/#\\\/schema\\\/logo\\\/image\\\/\"}}]}<\/script>\n<!-- \/ Yoast SEO Premium plugin. -->","yoast_head_json":{"title":"Mercati Delta 2000, production et conception de salles blanches","description":"Delta2000 dans le monde. Entreprise leader dans la production et la conception de salles blanches pour environnements st\u00e9riles.","robots":{"index":"index","follow":"follow","max-snippet":"max-snippet:-1","max-image-preview":"max-image-preview:large","max-video-preview":"max-video-preview:-1"},"canonical":"https:\/\/www.delta-2000.com\/fr\/marche\/","og_locale":"fr_FR","og_type":"article","og_title":"March\u00e9","og_description":"Delta2000 dans le monde. Entreprise leader dans la production et la conception de salles blanches pour environnements st\u00e9riles.","og_url":"https:\/\/www.delta-2000.com\/fr\/marche\/","og_site_name":"Delta 2000","article_modified_time":"2026-02-05T09:16:45+00:00","og_image":[{"width":400,"height":400,"url":"https:\/\/www.delta-2000.com\/wp-content\/uploads\/2025\/10\/produzione-e-progettazione-di-camere-bianche.jpg","type":"image\/jpeg"}],"twitter_card":"summary_large_image","twitter_misc":{"Dur\u00e9e de lecture estim\u00e9e":"3 minutes"},"schema":{"@context":"https:\/\/schema.org","@graph":[{"@type":"WebPage","@id":"https:\/\/www.delta-2000.com\/fr\/marche\/","url":"https:\/\/www.delta-2000.com\/fr\/marche\/","name":"Mercati Delta 2000, production et conception de salles blanches","isPartOf":{"@id":"https:\/\/www.delta-2000.com\/fr\/#website"},"primaryImageOfPage":{"@id":"https:\/\/www.delta-2000.com\/fr\/marche\/#primaryimage"},"image":{"@id":"https:\/\/www.delta-2000.com\/fr\/marche\/#primaryimage"},"thumbnailUrl":"https:\/\/www.delta-2000.com\/wp-content\/uploads\/2025\/10\/produzione-e-progettazione-di-camere-bianche.jpg","datePublished":"2021-10-14T14:07:54+00:00","dateModified":"2026-02-05T09:16:45+00:00","description":"Delta2000 dans le monde. Entreprise leader dans la production et la conception de salles blanches pour environnements st\u00e9riles.","breadcrumb":{"@id":"https:\/\/www.delta-2000.com\/fr\/marche\/#breadcrumb"},"inLanguage":"fr-FR","potentialAction":[{"@type":"ReadAction","target":["https:\/\/www.delta-2000.com\/fr\/marche\/"]}]},{"@type":"ImageObject","inLanguage":"fr-FR","@id":"https:\/\/www.delta-2000.com\/fr\/marche\/#primaryimage","url":"https:\/\/www.delta-2000.com\/wp-content\/uploads\/2025\/10\/produzione-e-progettazione-di-camere-bianche.jpg","contentUrl":"https:\/\/www.delta-2000.com\/wp-content\/uploads\/2025\/10\/produzione-e-progettazione-di-camere-bianche.jpg","width":400,"height":400},{"@type":"BreadcrumbList","@id":"https:\/\/www.delta-2000.com\/fr\/marche\/#breadcrumb","itemListElement":[{"@type":"ListItem","position":1,"name":"Home","item":"https:\/\/www.delta-2000.com\/fr\/chambre-blanche\/"},{"@type":"ListItem","position":2,"name":"March\u00e9"}]},{"@type":"WebSite","@id":"https:\/\/www.delta-2000.com\/fr\/#website","url":"https:\/\/www.delta-2000.com\/fr\/","name":"Delta 2000","description":"Leader mondiale nella progettazione e produzione di soluzioni per clean room e ambienti a contaminazione controllata","publisher":{"@id":"https:\/\/www.delta-2000.com\/fr\/#organization"},"potentialAction":[{"@type":"SearchAction","target":{"@type":"EntryPoint","urlTemplate":"https:\/\/www.delta-2000.com\/fr\/?s={search_term_string}"},"query-input":{"@type":"PropertyValueSpecification","valueRequired":true,"valueName":"search_term_string"}}],"inLanguage":"fr-FR"},{"@type":"Organization","@id":"https:\/\/www.delta-2000.com\/fr\/#organization","name":"Delta 2000 S.r.l.","url":"https:\/\/www.delta-2000.com\/fr\/","logo":{"@type":"ImageObject","inLanguage":"fr-FR","@id":"https:\/\/www.delta-2000.com\/fr\/#\/schema\/logo\/image\/","url":"https:\/\/www.delta-2000.com\/wp-content\/uploads\/2020\/09\/Delta2000-Logo.jpg","contentUrl":"https:\/\/www.delta-2000.com\/wp-content\/uploads\/2020\/09\/Delta2000-Logo.jpg","width":250,"height":63,"caption":"Delta 2000 S.r.l."},"image":{"@id":"https:\/\/www.delta-2000.com\/fr\/#\/schema\/logo\/image\/"}}]}},"_links":{"self":[{"href":"https:\/\/www.delta-2000.com\/fr\/wp-json\/wp\/v2\/pages\/15974","targetHints":{"allow":["GET"]}}],"collection":[{"href":"https:\/\/www.delta-2000.com\/fr\/wp-json\/wp\/v2\/pages"}],"about":[{"href":"https:\/\/www.delta-2000.com\/fr\/wp-json\/wp\/v2\/types\/page"}],"author":[{"embeddable":true,"href":"https:\/\/www.delta-2000.com\/fr\/wp-json\/wp\/v2\/users\/5"}],"replies":[{"embeddable":true,"href":"https:\/\/www.delta-2000.com\/fr\/wp-json\/wp\/v2\/comments?post=15974"}],"version-history":[{"count":6,"href":"https:\/\/www.delta-2000.com\/fr\/wp-json\/wp\/v2\/pages\/15974\/revisions"}],"predecessor-version":[{"id":30641,"href":"https:\/\/www.delta-2000.com\/fr\/wp-json\/wp\/v2\/pages\/15974\/revisions\/30641"}],"wp:featuredmedia":[{"embeddable":true,"href":"https:\/\/www.delta-2000.com\/fr\/wp-json\/wp\/v2\/media\/29232"}],"wp:attachment":[{"href":"https:\/\/www.delta-2000.com\/fr\/wp-json\/wp\/v2\/media?parent=15974"}],"curies":[{"name":"wp","href":"https:\/\/api.w.org\/{rel}","templated":true}]}}