{"id":9087,"date":"2018-01-23T15:10:47","date_gmt":"2018-01-23T14:10:47","guid":{"rendered":"http:\/\/www.delta-2000.com\/?page_id=9087"},"modified":"2020-06-23T15:58:03","modified_gmt":"2020-06-23T13:58:03","slug":"paneles-laminados-salas-limpias","status":"publish","type":"page","link":"https:\/\/www.delta-2000.com\/es\/paredes-para-salas-blancas\/paneles-laminados-salas-limpias\/","title":{"rendered":"Paneles laminados salas limpias"},"content":{"rendered":"<p>[vc_row][vc_column width=\u00bb3\/4&#8243;][vc_single_image image=\u00bb7603&#8243; img_size=\u00bbfull\u00bb][vc_column_text]<\/p>\n<h1 style=\"color: #008c67; text-align: center;\">PANEL LAMINADO<\/h1>\n<p>[\/vc_column_text][vc_column_text]Los <strong>paneles laminados<\/strong> que utiliza Delta2000 para la producci\u00f3n de <strong>salas blancas<\/strong> se pueden emplear como paredes, techos, puertas y pavimentos.<\/p>\n<p>Los <strong>paneles laminados<\/strong> est\u00e1n compuestos de un marco estructural de aluminio extruido con un revestimiento exterior de l\u00e1mina de pl\u00e1stico auto extinguible de clase 1 de 4 mm de espesor. Dependiendo de las exigencias proyectuales, se pueden emplear los siguientes materiales aislantes interpuestos entre las dos l\u00e1minas de pl\u00e1stico:<\/p>\n<p>Se distinguen por poseer una amplia gama de caracter\u00edsticas y ventajas que los hacen ideales para la <strong>producci\u00f3n de salas blancas profesionales<\/strong>. Entre estas caracter\u00edsticas, sin duda cabe destacar:<\/p>\n<ul>\n<li>Mantenimiento reducido<\/li>\n<li>Notable resistencia al impacto y al desgaste<\/li>\n<li>Duraci\u00f3n<\/li>\n<li>Sin cambio de color<\/li>\n<\/ul>\n<p>Los <strong>paneles laminados de pl\u00e1stico<\/strong> est\u00e1n compuestos por una capa protectora externa, conocida como <em>overlay<\/em>, que puede tener diferentes acabados y colores, y que se encuentra recubierta de resina de melamina. \u00c9sta es una resina sint\u00e9tica termoendurecible que se obtiene por policondensaci\u00f3n de formaldeh\u00eddo con melamina. Inodoro e incoloro, es muy resistente al agua, a la abrasi\u00f3n, a los agentes qu\u00edmicos y al calor, y se caracteriza por una notable transparencia frente a la radiaci\u00f3n lum\u00ednica.<\/p>\n<p>El <strong>panel laminado de pl\u00e1stico mel\u00e1mico<\/strong> tambi\u00e9n tiene caracter\u00edsticas que lo hacen ideal para la <strong>producci\u00f3n de salas blancas profesionales<\/strong> para una gran variedad de industrias: qu\u00edmica, farmac\u00e9utica, alimentaria, biom\u00e9dica, electr\u00f3nica, etc.<br \/>\n[\/vc_column_text][vc_row_inner css=\u00bb.vc_custom_1475175142247{border-bottom-width: 1px !important;padding-bottom: 35px !important;border-bottom-color: #e5e5e5 !important;border-bottom-style: solid !important;}\u00bb][vc_column_inner width=\u00bb1\/4&#8243;][vc_single_image image=\u00bb9863&#8243; img_size=\u00bbfull\u00bb][\/vc_column_inner][vc_column_inner width=\u00bb3\/4&#8243;][vc_column_text css=\u00bb.vc_custom_1542633976855{margin-bottom: 15px !important;}\u00bb]<\/p>\n<h3 style=\"color: #008c67; font-size: 16px; font-weight: 500;\">PANEL LAMINADO\/POLIESTIRENO<\/h3>\n<p>Paredes modulares formadas por paneles con un marco interno de aluminio extruido de 2 mm de espesor, aislamiento de <strong>poliestireno<\/strong>, revestimiento exterior de pl\u00e1stico laminado mel\u00e1mico de 4 mm de espesor y Euroclase B, s1-d0, y un espesor total del panel de 48 mm, con herrajes verticales con perfiles retr\u00e1ctiles en forma de H de aluminio extruido de 2 mm de espesor, juntas siliconadas entre paneles de 4 mm de ancho y perfiles de anclaje al suelo en aluminio.[\/vc_column_text][button type=\u00bbrd_stroke_bt\u00bb t_color=\u00bb#008c67&#8243; b_color=\u00bb#ffffff\u00bb t_hover_color=\u00bb#ffffff\u00bb b_hover_color=\u00bb#008c67&#8243; font_weight=\u00bb700&#8243; url=\u00bbhttps:\/\/www.delta-2000.com\/es\/solicitar-hoja-de-datos\/\u00bb ex_class=\u00bbbottone-verde\u00bb]SOLICITAR HOJA DE DATOS[\/button][\/vc_column_inner][\/vc_row_inner][vc_row_inner css=\u00bb.vc_custom_1475175142247{border-bottom-width: 1px !important;padding-bottom: 35px !important;border-bottom-color: #e5e5e5 !important;border-bottom-style: solid !important;}\u00bb][vc_column_inner width=\u00bb1\/4&#8243;][vc_single_image image=\u00bb9864&#8243; img_size=\u00bbfull\u00bb][\/vc_column_inner][vc_column_inner width=\u00bb3\/4&#8243;][vc_column_text css=\u00bb.vc_custom_1542633987165{margin-bottom: 15px !important;}\u00bb]<\/p>\n<h3 style=\"color: #008c67; font-size: 16px; font-weight: 500;\">PANEL LAMINADO\/LANA DE ROCA<\/h3>\n<p>Paredes modulares formadas por paneles con un marco interno de aluminio extruido de 2 mm de espesor, aislamiento de <strong>lana de roca<\/strong>, revestimiento exterior de pl\u00e1stico laminado mel\u00e1mico de 4 mm de espesor y Euroclase B, s1-d0, y un espesor total del panel de 48 mm, con herrajes verticales con perfiles retr\u00e1ctiles en forma de H de aluminio extruido de 2 mm de espesor, juntas siliconadas entre paneles de 4 mm de ancho y perfiles de anclaje al suelo en aluminio.[\/vc_column_text][button type=\u00bbrd_stroke_bt\u00bb t_color=\u00bb#008c67&#8243; b_color=\u00bb#ffffff\u00bb t_hover_color=\u00bb#ffffff\u00bb b_hover_color=\u00bb#008c67&#8243; font_weight=\u00bb700&#8243; url=\u00bbhttps:\/\/www.delta-2000.com\/es\/solicitar-hoja-de-datos\/\u00bb ex_class=\u00bbbottone-verde\u00bb]SOLICITAR HOJA DE DATOS[\/button][\/vc_column_inner][\/vc_row_inner][vc_row_inner css=\u00bb.vc_custom_1475175142247{border-bottom-width: 1px !important;padding-bottom: 35px !important;border-bottom-color: #e5e5e5 !important;border-bottom-style: solid !important;}\u00bb][vc_column_inner width=\u00bb1\/4&#8243;][vc_single_image image=\u00bb9862&#8243; img_size=\u00bbfull\u00bb][\/vc_column_inner][vc_column_inner width=\u00bb3\/4&#8243;][vc_column_text css=\u00bb.vc_custom_1592920607433{margin-bottom: 15px !important;}\u00bb]<\/p>\n<h3 style=\"color: #008c67; font-size: 16px; font-weight: 500;\">PANEL LAMINADO\/ PANAL DE ALUMINIO\/ L\u00c1MINA DE ALUMINIO CORRUGADO<\/h3>\n<p>Paredes modulares compuestas por paneles con marco interno de aluminio extruido en bruto de 2mm de espesor, aislamiento de panal de abeja\/placa de aluminio corrugado, revestimiento externo de laminado pl\u00e1stico melam\u00ednico de 4mm de espesor en Euroclase B, s1-d0, espesor total del panel 48mm, conexiones verticales con perfiles ocultos en forma de H hechos en aluminio extruido en bruto de 2mm de espesor, uniones entre paneles de 4mm de ancho siliconados con masilla de silicona, perfiles de anclaje al piso en aluminio bruto.[\/vc_column_text][button type=\u00bbrd_stroke_bt\u00bb t_color=\u00bb#008c67&#8243; b_color=\u00bb#ffffff\u00bb t_hover_color=\u00bb#ffffff\u00bb b_hover_color=\u00bb#008c67&#8243; font_weight=\u00bb700&#8243; url=\u00bbhttps:\/\/www.delta-2000.com\/es\/solicitar-hoja-de-datos\/\u00bb ex_class=\u00bbbottone-verde\u00bb]SOLICITAR HOJA DE DATOS[\/button][\/vc_column_inner][\/vc_row_inner][\/vc_column][vc_column width=\u00bb1\/4&#8243;][vc_widget_sidebar sidebar_id=\u00bbthefox_prodotti\u00bb][\/vc_column][\/vc_row]<\/p>\n","protected":false},"excerpt":{"rendered":"<p>[vc_row][vc_column width=\u00bb3\/4&#8243;][vc_single_image image=\u00bb7603&#8243; img_size=\u00bbfull\u00bb][vc_column_text] PANEL LAMINADO [\/vc_column_text][vc_column_text]Los paneles laminados que utiliza Delta2000 para la producci\u00f3n de salas blancas se pueden emplear como paredes, techos, puertas y pavimentos. Los paneles laminados est\u00e1n compuestos de un marco estructural de aluminio extruido con un revestimiento exterior de l\u00e1mina de pl\u00e1stico auto extinguible de clase 1 de 4 mm [&hellip;]<\/p>\n","protected":false},"author":4,"featured_media":0,"parent":9085,"menu_order":0,"comment_status":"closed","ping_status":"closed","template":"","meta":{"content-type":"","mapsvg_location":"","footnotes":""},"class_list":["post-9087","page","type-page","status-publish","hentry"],"yoast_head":"<!-- This site is optimized with the Yoast SEO Premium plugin v27.5 (Yoast SEO v27.5) - https:\/\/yoast.com\/product\/yoast-seo-premium-wordpress\/ -->\n<title>Paneles laminados salas limpias | DELTA 2000<\/title>\n<meta name=\"description\" content=\"Paneles laminados salas limpias | DELTA 2000 produce paneles laminados para paredes de salas blancas. Fabricaci\u00f3n made in Italy.\" \/>\n<meta name=\"robots\" content=\"index, follow, max-snippet:-1, max-image-preview:large, max-video-preview:-1\" \/>\n<link rel=\"canonical\" href=\"https:\/\/www.delta-2000.com\/es\/paredes-para-salas-blancas\/paneles-laminados-salas-limpias\/\" \/>\n<meta property=\"og:locale\" content=\"es_ES\" \/>\n<meta property=\"og:type\" content=\"article\" \/>\n<meta property=\"og:title\" content=\"Paneles laminados salas limpias\" \/>\n<meta property=\"og:description\" content=\"Paneles laminados salas limpias | DELTA 2000 produce paneles laminados para paredes de salas blancas. Fabricaci\u00f3n made in Italy.\" \/>\n<meta property=\"og:url\" content=\"https:\/\/www.delta-2000.com\/es\/paredes-para-salas-blancas\/paneles-laminados-salas-limpias\/\" \/>\n<meta property=\"og:site_name\" content=\"Delta 2000\" \/>\n<meta property=\"article:modified_time\" content=\"2020-06-23T13:58:03+00:00\" \/>\n<meta name=\"twitter:card\" content=\"summary_large_image\" \/>\n<meta name=\"twitter:label1\" content=\"Tiempo de lectura\" \/>\n\t<meta name=\"twitter:data1\" content=\"4 minutos\" \/>\n<script type=\"application\/ld+json\" class=\"yoast-schema-graph\">{\"@context\":\"https:\\\/\\\/schema.org\",\"@graph\":[{\"@type\":\"WebPage\",\"@id\":\"https:\\\/\\\/www.delta-2000.com\\\/es\\\/paredes-para-salas-blancas\\\/paneles-laminados-salas-limpias\\\/\",\"url\":\"https:\\\/\\\/www.delta-2000.com\\\/es\\\/paredes-para-salas-blancas\\\/paneles-laminados-salas-limpias\\\/\",\"name\":\"Paneles laminados salas limpias | DELTA 2000\",\"isPartOf\":{\"@id\":\"https:\\\/\\\/www.delta-2000.com\\\/es\\\/#website\"},\"datePublished\":\"2018-01-23T14:10:47+00:00\",\"dateModified\":\"2020-06-23T13:58:03+00:00\",\"description\":\"Paneles laminados salas limpias | DELTA 2000 produce paneles laminados para paredes de salas blancas. Fabricaci\u00f3n made in Italy.\",\"breadcrumb\":{\"@id\":\"https:\\\/\\\/www.delta-2000.com\\\/es\\\/paredes-para-salas-blancas\\\/paneles-laminados-salas-limpias\\\/#breadcrumb\"},\"inLanguage\":\"es\",\"potentialAction\":[{\"@type\":\"ReadAction\",\"target\":[\"https:\\\/\\\/www.delta-2000.com\\\/es\\\/paredes-para-salas-blancas\\\/paneles-laminados-salas-limpias\\\/\"]}]},{\"@type\":\"BreadcrumbList\",\"@id\":\"https:\\\/\\\/www.delta-2000.com\\\/es\\\/paredes-para-salas-blancas\\\/paneles-laminados-salas-limpias\\\/#breadcrumb\",\"itemListElement\":[{\"@type\":\"ListItem\",\"position\":1,\"name\":\"Home\",\"item\":\"https:\\\/\\\/www.delta-2000.com\\\/es\\\/sala-blanca\\\/\"},{\"@type\":\"ListItem\",\"position\":2,\"name\":\"Paredes para salas blancas\",\"item\":\"https:\\\/\\\/www.delta-2000.com\\\/es\\\/paredes-para-salas-blancas\\\/\"},{\"@type\":\"ListItem\",\"position\":3,\"name\":\"Paneles laminados salas limpias\"}]},{\"@type\":\"WebSite\",\"@id\":\"https:\\\/\\\/www.delta-2000.com\\\/es\\\/#website\",\"url\":\"https:\\\/\\\/www.delta-2000.com\\\/es\\\/\",\"name\":\"Delta 2000\",\"description\":\"Leader mondiale nella progettazione e produzione di soluzioni per clean room e ambienti a contaminazione controllata\",\"publisher\":{\"@id\":\"https:\\\/\\\/www.delta-2000.com\\\/es\\\/#organization\"},\"potentialAction\":[{\"@type\":\"SearchAction\",\"target\":{\"@type\":\"EntryPoint\",\"urlTemplate\":\"https:\\\/\\\/www.delta-2000.com\\\/es\\\/?s={search_term_string}\"},\"query-input\":{\"@type\":\"PropertyValueSpecification\",\"valueRequired\":true,\"valueName\":\"search_term_string\"}}],\"inLanguage\":\"es\"},{\"@type\":\"Organization\",\"@id\":\"https:\\\/\\\/www.delta-2000.com\\\/es\\\/#organization\",\"name\":\"Delta 2000 S.r.l.\",\"url\":\"https:\\\/\\\/www.delta-2000.com\\\/es\\\/\",\"logo\":{\"@type\":\"ImageObject\",\"inLanguage\":\"es\",\"@id\":\"https:\\\/\\\/www.delta-2000.com\\\/es\\\/#\\\/schema\\\/logo\\\/image\\\/\",\"url\":\"https:\\\/\\\/www.delta-2000.com\\\/wp-content\\\/uploads\\\/2020\\\/09\\\/Delta2000-Logo.jpg\",\"contentUrl\":\"https:\\\/\\\/www.delta-2000.com\\\/wp-content\\\/uploads\\\/2020\\\/09\\\/Delta2000-Logo.jpg\",\"width\":250,\"height\":63,\"caption\":\"Delta 2000 S.r.l.\"},\"image\":{\"@id\":\"https:\\\/\\\/www.delta-2000.com\\\/es\\\/#\\\/schema\\\/logo\\\/image\\\/\"}}]}<\/script>\n<!-- \/ Yoast SEO Premium plugin. -->","yoast_head_json":{"title":"Paneles laminados salas limpias | DELTA 2000","description":"Paneles laminados salas limpias | DELTA 2000 produce paneles laminados para paredes de salas blancas. Fabricaci\u00f3n made in Italy.","robots":{"index":"index","follow":"follow","max-snippet":"max-snippet:-1","max-image-preview":"max-image-preview:large","max-video-preview":"max-video-preview:-1"},"canonical":"https:\/\/www.delta-2000.com\/es\/paredes-para-salas-blancas\/paneles-laminados-salas-limpias\/","og_locale":"es_ES","og_type":"article","og_title":"Paneles laminados salas limpias","og_description":"Paneles laminados salas limpias | DELTA 2000 produce paneles laminados para paredes de salas blancas. Fabricaci\u00f3n made in Italy.","og_url":"https:\/\/www.delta-2000.com\/es\/paredes-para-salas-blancas\/paneles-laminados-salas-limpias\/","og_site_name":"Delta 2000","article_modified_time":"2020-06-23T13:58:03+00:00","twitter_card":"summary_large_image","twitter_misc":{"Tiempo de lectura":"4 minutos"},"schema":{"@context":"https:\/\/schema.org","@graph":[{"@type":"WebPage","@id":"https:\/\/www.delta-2000.com\/es\/paredes-para-salas-blancas\/paneles-laminados-salas-limpias\/","url":"https:\/\/www.delta-2000.com\/es\/paredes-para-salas-blancas\/paneles-laminados-salas-limpias\/","name":"Paneles laminados salas limpias | DELTA 2000","isPartOf":{"@id":"https:\/\/www.delta-2000.com\/es\/#website"},"datePublished":"2018-01-23T14:10:47+00:00","dateModified":"2020-06-23T13:58:03+00:00","description":"Paneles laminados salas limpias | DELTA 2000 produce paneles laminados para paredes de salas blancas. Fabricaci\u00f3n made in Italy.","breadcrumb":{"@id":"https:\/\/www.delta-2000.com\/es\/paredes-para-salas-blancas\/paneles-laminados-salas-limpias\/#breadcrumb"},"inLanguage":"es","potentialAction":[{"@type":"ReadAction","target":["https:\/\/www.delta-2000.com\/es\/paredes-para-salas-blancas\/paneles-laminados-salas-limpias\/"]}]},{"@type":"BreadcrumbList","@id":"https:\/\/www.delta-2000.com\/es\/paredes-para-salas-blancas\/paneles-laminados-salas-limpias\/#breadcrumb","itemListElement":[{"@type":"ListItem","position":1,"name":"Home","item":"https:\/\/www.delta-2000.com\/es\/sala-blanca\/"},{"@type":"ListItem","position":2,"name":"Paredes para salas blancas","item":"https:\/\/www.delta-2000.com\/es\/paredes-para-salas-blancas\/"},{"@type":"ListItem","position":3,"name":"Paneles laminados salas limpias"}]},{"@type":"WebSite","@id":"https:\/\/www.delta-2000.com\/es\/#website","url":"https:\/\/www.delta-2000.com\/es\/","name":"Delta 2000","description":"Leader mondiale nella progettazione e produzione di soluzioni per clean room e ambienti a contaminazione controllata","publisher":{"@id":"https:\/\/www.delta-2000.com\/es\/#organization"},"potentialAction":[{"@type":"SearchAction","target":{"@type":"EntryPoint","urlTemplate":"https:\/\/www.delta-2000.com\/es\/?s={search_term_string}"},"query-input":{"@type":"PropertyValueSpecification","valueRequired":true,"valueName":"search_term_string"}}],"inLanguage":"es"},{"@type":"Organization","@id":"https:\/\/www.delta-2000.com\/es\/#organization","name":"Delta 2000 S.r.l.","url":"https:\/\/www.delta-2000.com\/es\/","logo":{"@type":"ImageObject","inLanguage":"es","@id":"https:\/\/www.delta-2000.com\/es\/#\/schema\/logo\/image\/","url":"https:\/\/www.delta-2000.com\/wp-content\/uploads\/2020\/09\/Delta2000-Logo.jpg","contentUrl":"https:\/\/www.delta-2000.com\/wp-content\/uploads\/2020\/09\/Delta2000-Logo.jpg","width":250,"height":63,"caption":"Delta 2000 S.r.l."},"image":{"@id":"https:\/\/www.delta-2000.com\/es\/#\/schema\/logo\/image\/"}}]}},"_links":{"self":[{"href":"https:\/\/www.delta-2000.com\/es\/wp-json\/wp\/v2\/pages\/9087","targetHints":{"allow":["GET"]}}],"collection":[{"href":"https:\/\/www.delta-2000.com\/es\/wp-json\/wp\/v2\/pages"}],"about":[{"href":"https:\/\/www.delta-2000.com\/es\/wp-json\/wp\/v2\/types\/page"}],"author":[{"embeddable":true,"href":"https:\/\/www.delta-2000.com\/es\/wp-json\/wp\/v2\/users\/4"}],"replies":[{"embeddable":true,"href":"https:\/\/www.delta-2000.com\/es\/wp-json\/wp\/v2\/comments?post=9087"}],"version-history":[{"count":5,"href":"https:\/\/www.delta-2000.com\/es\/wp-json\/wp\/v2\/pages\/9087\/revisions"}],"predecessor-version":[{"id":10485,"href":"https:\/\/www.delta-2000.com\/es\/wp-json\/wp\/v2\/pages\/9087\/revisions\/10485"}],"up":[{"embeddable":true,"href":"https:\/\/www.delta-2000.com\/es\/wp-json\/wp\/v2\/pages\/9085"}],"wp:attachment":[{"href":"https:\/\/www.delta-2000.com\/es\/wp-json\/wp\/v2\/media?parent=9087"}],"curies":[{"name":"wp","href":"https:\/\/api.w.org\/{rel}","templated":true}]}}