{"id":18267,"date":"2021-10-15T15:43:16","date_gmt":"2021-10-15T13:43:16","guid":{"rendered":"https:\/\/delta-2000.com\/case-history\/"},"modified":"2026-02-20T12:28:20","modified_gmt":"2026-02-20T11:28:20","slug":"historia-de-casos","status":"publish","type":"page","link":"https:\/\/www.delta-2000.com\/es\/historia-de-casos\/","title":{"rendered":"Historia de casos"},"content":{"rendered":"\t\t<div data-elementor-type=\"wp-page\" data-elementor-id=\"18267\" class=\"elementor elementor-18267 elementor-15690\" data-elementor-post-type=\"page\">\n\t\t\t\t<div class=\"elementor-element elementor-element-40cc921 e-flex e-con-boxed e-con e-parent\" data-id=\"40cc921\" data-element_type=\"container\" data-e-type=\"container\" data-settings=\"{&quot;background_background&quot;:&quot;classic&quot;}\">\n\t\t\t\t\t<div class=\"e-con-inner\">\n\t\t<div class=\"elementor-element elementor-element-320d6c8 e-con-full e-flex e-con e-child\" data-id=\"320d6c8\" data-element_type=\"container\" data-e-type=\"container\" data-settings=\"{&quot;background_background&quot;:&quot;classic&quot;}\">\n\t\t\t\t<div class=\"elementor-element elementor-element-c48e4f6 elementor-widget elementor-widget-heading\" data-id=\"c48e4f6\" data-element_type=\"widget\" data-e-type=\"widget\" data-widget_type=\"heading.default\">\n\t\t\t\t<div class=\"elementor-widget-container\">\n\t\t\t\t\t<h1 class=\"elementor-heading-title elementor-size-default\">Case History Delta2000 <\/h1>\t\t\t\t<\/div>\n\t\t\t\t<\/div>\n\t\t\t\t<div class=\"elementor-element elementor-element-cfc3747 elementor-widget elementor-widget-heading\" data-id=\"cfc3747\" data-element_type=\"widget\" data-e-type=\"widget\" data-widget_type=\"heading.default\">\n\t\t\t\t<div class=\"elementor-widget-container\">\n\t\t\t\t\t<h2 class=\"elementor-heading-title elementor-size-default\">Nuestros proyectos<\/h2>\t\t\t\t<\/div>\n\t\t\t\t<\/div>\n\t\t\t\t<\/div>\n\t\t\t\t\t<\/div>\n\t\t\t\t<\/div>\n\t\t\t\t<\/div>\n\t\t","protected":false},"excerpt":{"rendered":"<p>Descubra los casos pr\u00e1cticos de Delta2000, empresa l\u00edder especializada en el dise\u00f1o y la fabricaci\u00f3n de salas blancas o cleanrooms.<\/p>\n","protected":false},"author":5,"featured_media":0,"parent":0,"menu_order":0,"comment_status":"closed","ping_status":"closed","template":"","meta":{"content-type":"","mapsvg_location":"","footnotes":""},"class_list":["post-18267","page","type-page","status-publish","hentry"],"yoast_head":"<!-- This site is optimized with the Yoast SEO Premium plugin v27.5 (Yoast SEO v27.5) - https:\/\/yoast.com\/product\/yoast-seo-premium-wordpress\/ -->\n<title>Historia de casos Delta2000 | Nuestros proyectos<\/title>\n<meta name=\"description\" content=\"Descubra los casos pr\u00e1cticos de Delta2000, empresa l\u00edder especializada en el dise\u00f1o y la fabricaci\u00f3n de salas blancas o cleanrooms.\" \/>\n<meta name=\"robots\" content=\"index, follow, max-snippet:-1, max-image-preview:large, max-video-preview:-1\" \/>\n<link rel=\"canonical\" href=\"https:\/\/www.delta-2000.com\/es\/historia-de-casos\/\" \/>\n<meta property=\"og:locale\" content=\"es_ES\" \/>\n<meta property=\"og:type\" content=\"article\" \/>\n<meta property=\"og:title\" content=\"Historia de casos\" \/>\n<meta property=\"og:description\" content=\"Descubra los casos pr\u00e1cticos de Delta2000, empresa l\u00edder especializada en el dise\u00f1o y la fabricaci\u00f3n de salas blancas o cleanrooms.\" \/>\n<meta property=\"og:url\" content=\"https:\/\/www.delta-2000.com\/es\/historia-de-casos\/\" \/>\n<meta property=\"og:site_name\" content=\"Delta 2000\" \/>\n<meta property=\"article:modified_time\" content=\"2026-02-20T11:28:20+00:00\" \/>\n<meta name=\"twitter:card\" content=\"summary_large_image\" \/>\n<meta name=\"twitter:label1\" content=\"Tiempo de lectura\" \/>\n\t<meta name=\"twitter:data1\" content=\"1 minuto\" \/>\n<script type=\"application\/ld+json\" class=\"yoast-schema-graph\">{\"@context\":\"https:\\\/\\\/schema.org\",\"@graph\":[{\"@type\":\"WebPage\",\"@id\":\"https:\\\/\\\/www.delta-2000.com\\\/es\\\/historia-de-casos\\\/\",\"url\":\"https:\\\/\\\/www.delta-2000.com\\\/es\\\/historia-de-casos\\\/\",\"name\":\"Historia de casos Delta2000 | Nuestros proyectos\",\"isPartOf\":{\"@id\":\"https:\\\/\\\/www.delta-2000.com\\\/es\\\/#website\"},\"datePublished\":\"2021-10-15T13:43:16+00:00\",\"dateModified\":\"2026-02-20T11:28:20+00:00\",\"description\":\"Descubra los casos pr\u00e1cticos de Delta2000, empresa l\u00edder especializada en el dise\u00f1o y la fabricaci\u00f3n de salas blancas o cleanrooms.\",\"breadcrumb\":{\"@id\":\"https:\\\/\\\/www.delta-2000.com\\\/es\\\/historia-de-casos\\\/#breadcrumb\"},\"inLanguage\":\"es\",\"potentialAction\":[{\"@type\":\"ReadAction\",\"target\":[\"https:\\\/\\\/www.delta-2000.com\\\/es\\\/historia-de-casos\\\/\"]}]},{\"@type\":\"BreadcrumbList\",\"@id\":\"https:\\\/\\\/www.delta-2000.com\\\/es\\\/historia-de-casos\\\/#breadcrumb\",\"itemListElement\":[{\"@type\":\"ListItem\",\"position\":1,\"name\":\"Home\",\"item\":\"https:\\\/\\\/www.delta-2000.com\\\/es\\\/sala-blanca\\\/\"},{\"@type\":\"ListItem\",\"position\":2,\"name\":\"Historia de casos\"}]},{\"@type\":\"WebSite\",\"@id\":\"https:\\\/\\\/www.delta-2000.com\\\/es\\\/#website\",\"url\":\"https:\\\/\\\/www.delta-2000.com\\\/es\\\/\",\"name\":\"Delta 2000\",\"description\":\"Leader mondiale nella progettazione e produzione di soluzioni per clean room e ambienti a contaminazione controllata\",\"publisher\":{\"@id\":\"https:\\\/\\\/www.delta-2000.com\\\/es\\\/#organization\"},\"potentialAction\":[{\"@type\":\"SearchAction\",\"target\":{\"@type\":\"EntryPoint\",\"urlTemplate\":\"https:\\\/\\\/www.delta-2000.com\\\/es\\\/?s={search_term_string}\"},\"query-input\":{\"@type\":\"PropertyValueSpecification\",\"valueRequired\":true,\"valueName\":\"search_term_string\"}}],\"inLanguage\":\"es\"},{\"@type\":\"Organization\",\"@id\":\"https:\\\/\\\/www.delta-2000.com\\\/es\\\/#organization\",\"name\":\"Delta 2000 S.r.l.\",\"url\":\"https:\\\/\\\/www.delta-2000.com\\\/es\\\/\",\"logo\":{\"@type\":\"ImageObject\",\"inLanguage\":\"es\",\"@id\":\"https:\\\/\\\/www.delta-2000.com\\\/es\\\/#\\\/schema\\\/logo\\\/image\\\/\",\"url\":\"https:\\\/\\\/www.delta-2000.com\\\/wp-content\\\/uploads\\\/2020\\\/09\\\/Delta2000-Logo.jpg\",\"contentUrl\":\"https:\\\/\\\/www.delta-2000.com\\\/wp-content\\\/uploads\\\/2020\\\/09\\\/Delta2000-Logo.jpg\",\"width\":250,\"height\":63,\"caption\":\"Delta 2000 S.r.l.\"},\"image\":{\"@id\":\"https:\\\/\\\/www.delta-2000.com\\\/es\\\/#\\\/schema\\\/logo\\\/image\\\/\"}}]}<\/script>\n<!-- \/ Yoast SEO Premium plugin. -->","yoast_head_json":{"title":"Historia de casos Delta2000 | Nuestros proyectos","description":"Descubra los casos pr\u00e1cticos de Delta2000, empresa l\u00edder especializada en el dise\u00f1o y la fabricaci\u00f3n de salas blancas o cleanrooms.","robots":{"index":"index","follow":"follow","max-snippet":"max-snippet:-1","max-image-preview":"max-image-preview:large","max-video-preview":"max-video-preview:-1"},"canonical":"https:\/\/www.delta-2000.com\/es\/historia-de-casos\/","og_locale":"es_ES","og_type":"article","og_title":"Historia de casos","og_description":"Descubra los casos pr\u00e1cticos de Delta2000, empresa l\u00edder especializada en el dise\u00f1o y la fabricaci\u00f3n de salas blancas o cleanrooms.","og_url":"https:\/\/www.delta-2000.com\/es\/historia-de-casos\/","og_site_name":"Delta 2000","article_modified_time":"2026-02-20T11:28:20+00:00","twitter_card":"summary_large_image","twitter_misc":{"Tiempo de lectura":"1 minuto"},"schema":{"@context":"https:\/\/schema.org","@graph":[{"@type":"WebPage","@id":"https:\/\/www.delta-2000.com\/es\/historia-de-casos\/","url":"https:\/\/www.delta-2000.com\/es\/historia-de-casos\/","name":"Historia de casos Delta2000 | Nuestros proyectos","isPartOf":{"@id":"https:\/\/www.delta-2000.com\/es\/#website"},"datePublished":"2021-10-15T13:43:16+00:00","dateModified":"2026-02-20T11:28:20+00:00","description":"Descubra los casos pr\u00e1cticos de Delta2000, empresa l\u00edder especializada en el dise\u00f1o y la fabricaci\u00f3n de salas blancas o cleanrooms.","breadcrumb":{"@id":"https:\/\/www.delta-2000.com\/es\/historia-de-casos\/#breadcrumb"},"inLanguage":"es","potentialAction":[{"@type":"ReadAction","target":["https:\/\/www.delta-2000.com\/es\/historia-de-casos\/"]}]},{"@type":"BreadcrumbList","@id":"https:\/\/www.delta-2000.com\/es\/historia-de-casos\/#breadcrumb","itemListElement":[{"@type":"ListItem","position":1,"name":"Home","item":"https:\/\/www.delta-2000.com\/es\/sala-blanca\/"},{"@type":"ListItem","position":2,"name":"Historia de casos"}]},{"@type":"WebSite","@id":"https:\/\/www.delta-2000.com\/es\/#website","url":"https:\/\/www.delta-2000.com\/es\/","name":"Delta 2000","description":"Leader mondiale nella progettazione e produzione di soluzioni per clean room e ambienti a contaminazione controllata","publisher":{"@id":"https:\/\/www.delta-2000.com\/es\/#organization"},"potentialAction":[{"@type":"SearchAction","target":{"@type":"EntryPoint","urlTemplate":"https:\/\/www.delta-2000.com\/es\/?s={search_term_string}"},"query-input":{"@type":"PropertyValueSpecification","valueRequired":true,"valueName":"search_term_string"}}],"inLanguage":"es"},{"@type":"Organization","@id":"https:\/\/www.delta-2000.com\/es\/#organization","name":"Delta 2000 S.r.l.","url":"https:\/\/www.delta-2000.com\/es\/","logo":{"@type":"ImageObject","inLanguage":"es","@id":"https:\/\/www.delta-2000.com\/es\/#\/schema\/logo\/image\/","url":"https:\/\/www.delta-2000.com\/wp-content\/uploads\/2020\/09\/Delta2000-Logo.jpg","contentUrl":"https:\/\/www.delta-2000.com\/wp-content\/uploads\/2020\/09\/Delta2000-Logo.jpg","width":250,"height":63,"caption":"Delta 2000 S.r.l."},"image":{"@id":"https:\/\/www.delta-2000.com\/es\/#\/schema\/logo\/image\/"}}]}},"_links":{"self":[{"href":"https:\/\/www.delta-2000.com\/es\/wp-json\/wp\/v2\/pages\/18267","targetHints":{"allow":["GET"]}}],"collection":[{"href":"https:\/\/www.delta-2000.com\/es\/wp-json\/wp\/v2\/pages"}],"about":[{"href":"https:\/\/www.delta-2000.com\/es\/wp-json\/wp\/v2\/types\/page"}],"author":[{"embeddable":true,"href":"https:\/\/www.delta-2000.com\/es\/wp-json\/wp\/v2\/users\/5"}],"replies":[{"embeddable":true,"href":"https:\/\/www.delta-2000.com\/es\/wp-json\/wp\/v2\/comments?post=18267"}],"version-history":[{"count":9,"href":"https:\/\/www.delta-2000.com\/es\/wp-json\/wp\/v2\/pages\/18267\/revisions"}],"predecessor-version":[{"id":31601,"href":"https:\/\/www.delta-2000.com\/es\/wp-json\/wp\/v2\/pages\/18267\/revisions\/31601"}],"wp:attachment":[{"href":"https:\/\/www.delta-2000.com\/es\/wp-json\/wp\/v2\/media?parent=18267"}],"curies":[{"name":"wp","href":"https:\/\/api.w.org\/{rel}","templated":true}]}}