{"id":15973,"date":"2021-10-14T16:21:56","date_gmt":"2021-10-14T14:21:56","guid":{"rendered":"https:\/\/delta-2000.com\/?page_id=15973"},"modified":"2026-02-05T10:06:21","modified_gmt":"2026-02-05T09:06:21","slug":"mercados","status":"publish","type":"page","link":"https:\/\/www.delta-2000.com\/es\/mercados\/","title":{"rendered":"Mercados"},"content":{"rendered":"\t\t<div data-elementor-type=\"wp-page\" data-elementor-id=\"15973\" class=\"elementor elementor-15973 elementor-15971\" data-elementor-post-type=\"page\">\n\t\t\t\t<div class=\"elementor-element elementor-element-cf52b65 e-flex e-con-boxed e-con e-parent\" data-id=\"cf52b65\" data-element_type=\"container\" data-e-type=\"container\">\n\t\t\t\t\t<div class=\"e-con-inner\">\n\t\t\t\t<div class=\"elementor-element elementor-element-82de43f elementor-widget elementor-widget-heading\" data-id=\"82de43f\" data-element_type=\"widget\" data-e-type=\"widget\" data-widget_type=\"heading.default\">\n\t\t\t\t<div class=\"elementor-widget-container\">\n\t\t\t\t\t<h1 class=\"elementor-heading-title elementor-size-default\">Delta 2000 en el mundo<\/h1>\t\t\t\t<\/div>\n\t\t\t\t<\/div>\n\t\t\t\t<div class=\"elementor-element elementor-element-62ba805 elementor-widget elementor-widget-heading\" data-id=\"62ba805\" data-element_type=\"widget\" data-e-type=\"widget\" data-widget_type=\"heading.default\">\n\t\t\t\t<div class=\"elementor-widget-container\">\n\t\t\t\t\t<h2 class=\"elementor-heading-title elementor-size-default\">Operamos en Italia, Europa y el mundo, y nuestro objetivo es el desarrollo mundial.<\/h2>\t\t\t\t<\/div>\n\t\t\t\t<\/div>\n\t\t\t\t<div class=\"elementor-element elementor-element-69f0a11 elementor-widget elementor-widget-text-editor\" data-id=\"69f0a11\" data-element_type=\"widget\" data-e-type=\"widget\" data-widget_type=\"text-editor.default\">\n\t\t\t\t<div class=\"elementor-widget-container\">\n\t\t\t\t\t\t\t\t\t<p><b>Delta 2000<\/b>, empresa l\u00edder en la <b>producci\u00f3n y el dise\u00f1o de salas blancas para entornos est\u00e9riles<\/b>, es capaz de colocar sus proyectos en todas las partes del mundo gracias a su estilo, dinamismo en las innovaciones, investigaci\u00f3n y desarrollo, su know-how y su organizaci\u00f3n para una distribuci\u00f3n mundial.<\/p>\n\t\t\t\t\t\t\t\t<\/div>\n\t\t\t\t<\/div>\n\t\t\t\t<div class=\"elementor-element elementor-element-21bd821 elementor-widget elementor-widget-text-editor\" data-id=\"21bd821\" data-element_type=\"widget\" data-e-type=\"widget\" data-widget_type=\"text-editor.default\">\n\t\t\t\t<div class=\"elementor-widget-container\">\n\t\t\t\t\t\t\t\t\t<p><em>Haga clic en la regi\u00f3n coloreada en verde para obtener m\u00e1s detalles e informaci\u00f3n.<\/em><\/p>\n\t\t\t\t\t\t\t\t<\/div>\n\t\t\t\t<\/div>\n\t\t\t\t\t<\/div>\n\t\t\t\t<\/div>\n\t\t<div class=\"elementor-element elementor-element-b5b6496 e-flex e-con-boxed e-con e-parent\" data-id=\"b5b6496\" data-element_type=\"container\" data-e-type=\"container\">\n\t\t\t\t\t<div class=\"e-con-inner\">\n\t\t\t\t<div class=\"elementor-element elementor-element-5d8f5da elementor-widget elementor-widget-shortcode\" data-id=\"5d8f5da\" data-element_type=\"widget\" data-e-type=\"widget\" data-widget_type=\"shortcode.default\">\n\t\t\t\t<div class=\"elementor-widget-container\">\n\t\t\t\t\t\t\t<div class=\"elementor-shortcode\"><div id=\"mapsvg-3\" data-id=\"3\" class=\"mapsvg\" data-svg-file-last-changed=\"1664789302\" data-autoload=\"true\" data-loading-text=\"Loading map...\" data-region-prefix=\"\" data-width=\"1009.1149\" data-height=\"665.242\"><\/div><\/div>\n\t\t\t\t\t\t<\/div>\n\t\t\t\t<\/div>\n\t\t\t\t\t<\/div>\n\t\t\t\t<\/div>\n\t\t<div class=\"elementor-element elementor-element-729a3c8 e-flex e-con-boxed e-con e-parent\" data-id=\"729a3c8\" data-element_type=\"container\" data-e-type=\"container\">\n\t\t\t\t\t<div class=\"e-con-inner\">\n\t\t<div class=\"elementor-element elementor-element-9119bd6 e-con-full e-flex e-con e-child\" data-id=\"9119bd6\" data-element_type=\"container\" data-e-type=\"container\">\n\t\t\t\t<div class=\"elementor-element elementor-element-5db13f7 elementor-widget elementor-widget-heading\" data-id=\"5db13f7\" data-element_type=\"widget\" data-e-type=\"widget\" data-widget_type=\"heading.default\">\n\t\t\t\t<div class=\"elementor-widget-container\">\n\t\t\t\t\t<h2 class=\"elementor-heading-title elementor-size-default\">\u00bfD\u00f3nde operamos?<\/h2>\t\t\t\t<\/div>\n\t\t\t\t<\/div>\n\t\t\t\t<div class=\"elementor-element elementor-element-bf5824e elementor-widget elementor-widget-text-editor\" data-id=\"bf5824e\" data-element_type=\"widget\" data-e-type=\"widget\" data-widget_type=\"text-editor.default\">\n\t\t\t\t<div class=\"elementor-widget-container\">\n\t\t\t\t\t\t\t\t\t<h3>Italia<\/h3>\n<p>En el mercado local nos hemos distinguido por nuestra seriedad y capacidad de realizaci\u00f3n, demostrando ser excelentes socios para todas las empresas l\u00edderes del sector, que conf\u00edan en Delta2000 para la realizaci\u00f3n de sus proyectos.<\/p>\n<h3>Europa<\/h3>\n<p>A nivel europeo, nos proponemos como socios de todas las empresas que necesitan entornos de contaminaci\u00f3n controlada para proteger sus productos.<\/p>\n<h3>Mundo<\/h3>\n<p>Gracias a nuestra predisposici\u00f3n para el trabajo en equipo, nuestra red nos permite investigar, adquirir y realizar con \u00e9xito proyectos a escala mundial.<\/p>\n\t\t\t\t\t\t\t\t<\/div>\n\t\t\t\t<\/div>\n\t\t\t\t<div class=\"elementor-element elementor-element-93e183b elementor-widget elementor-widget-image\" data-id=\"93e183b\" data-element_type=\"widget\" data-e-type=\"widget\" data-widget_type=\"image.default\">\n\t\t\t\t<div class=\"elementor-widget-container\">\n\t\t\t\t\t\t\t\t\t\t\t\t\t\t\t<img fetchpriority=\"high\" decoding=\"async\" width=\"700\" height=\"367\" src=\"https:\/\/www.delta-2000.com\/wp-content\/uploads\/2021\/06\/Delta2000-Mercati.png\" class=\"attachment-full size-full wp-image-18136\" alt=\"Delta2000 Mercados\" srcset=\"https:\/\/www.delta-2000.com\/wp-content\/uploads\/2021\/06\/Delta2000-Mercati.png 700w, https:\/\/www.delta-2000.com\/wp-content\/uploads\/2021\/06\/Delta2000-Mercati-300x157.png 300w, https:\/\/www.delta-2000.com\/wp-content\/uploads\/2021\/06\/Delta2000-Mercati-600x315.png 600w\" sizes=\"(max-width: 700px) 100vw, 700px\" \/>\t\t\t\t\t\t\t\t\t\t\t\t\t\t\t<\/div>\n\t\t\t\t<\/div>\n\t\t\t\t<div class=\"elementor-element elementor-element-328d91a elementor-align-center elementor-widget elementor-widget-button\" data-id=\"328d91a\" data-element_type=\"widget\" data-e-type=\"widget\" data-widget_type=\"button.default\">\n\t\t\t\t<div class=\"elementor-widget-container\">\n\t\t\t\t\t\t\t\t\t<div class=\"elementor-button-wrapper\">\n\t\t\t\t\t<a class=\"elementor-button elementor-button-link elementor-size-sm\" href=\"\/wp-content\/uploads\/2018\/02\/company-profile-es.pdf\" target=\"_blank\">\n\t\t\t\t\t\t<span class=\"elementor-button-content-wrapper\">\n\t\t\t\t\t\t\t\t\t<span class=\"elementor-button-text\">Descargue nuestro perfil de empresa<\/span>\n\t\t\t\t\t<\/span>\n\t\t\t\t\t<\/a>\n\t\t\t\t<\/div>\n\t\t\t\t\t\t\t\t<\/div>\n\t\t\t\t<\/div>\n\t\t\t\t<\/div>\n\t\t\t\t\t<\/div>\n\t\t\t\t<\/div>\n\t\t<div class=\"elementor-element elementor-element-f727d57 e-flex e-con-boxed e-con e-parent\" data-id=\"f727d57\" data-element_type=\"container\" data-e-type=\"container\">\n\t\t\t\t\t<div class=\"e-con-inner\">\n\t\t<div class=\"elementor-element elementor-element-91b4f55 e-con-full e-flex e-con e-child\" data-id=\"91b4f55\" data-element_type=\"container\" data-e-type=\"container\" data-settings=\"{&quot;background_background&quot;:&quot;video&quot;,&quot;background_video_link&quot;:&quot;https:\\\/\\\/www.youtube.com\\\/watch?v=1R-l6JRHE1s&quot;,&quot;background_play_on_mobile&quot;:&quot;yes&quot;}\">\n\t\t<div class=\"elementor-background-video-container\">\n\t\t\t\t\t\t\t<div class=\"elementor-background-video-embed\" role=\"presentation\"><\/div>\n\t\t\t\t\t\t<\/div>\t\t<div class=\"elementor-element elementor-element-bb286db elementor-widget__width-initial elementor-widget-tablet__width-inherit elementor-widget elementor-widget-heading\" data-id=\"bb286db\" data-element_type=\"widget\" data-e-type=\"widget\" data-widget_type=\"heading.default\">\n\t\t\t\t<div class=\"elementor-widget-container\">\n\t\t\t\t\t<h2 class=\"elementor-heading-title elementor-size-default\">\u00a1Llevamos innovaci\u00f3n y progreso a todo el mundo!<\/h2>\t\t\t\t<\/div>\n\t\t\t\t<\/div>\n\t\t\t\t<\/div>\n\t\t\t\t\t<\/div>\n\t\t\t\t<\/div>\n\t\t\t\t<\/div>\n\t\t","protected":false},"excerpt":{"rendered":"<p>Delta 2000 en el mundo Operamos en Italia, Europa y el mundo, y nuestro objetivo es el desarrollo mundial. Delta 2000, empresa l\u00edder en la producci\u00f3n y el dise\u00f1o de salas blancas para entornos est\u00e9riles, es capaz de colocar sus proyectos en todas las partes del mundo gracias a su estilo, dinamismo en las innovaciones, [&hellip;]<\/p>\n","protected":false},"author":5,"featured_media":29234,"parent":0,"menu_order":4,"comment_status":"closed","ping_status":"closed","template":"","meta":{"content-type":"","mapsvg_location":"","footnotes":""},"class_list":["post-15973","page","type-page","status-publish","has-post-thumbnail","hentry"],"yoast_head":"<!-- This site is optimized with the Yoast SEO Premium plugin v27.4 (Yoast SEO v27.4) - https:\/\/yoast.com\/product\/yoast-seo-premium-wordpress\/ -->\n<title>Mercati Delta 2000, producci\u00f3n y dise\u00f1o de salas blancas<\/title>\n<meta name=\"description\" content=\"Delta2000 en el mundo. Empresa l\u00edder en la producci\u00f3n y el dise\u00f1o de salas blancas para entornos est\u00e9riles.\" \/>\n<meta name=\"robots\" content=\"index, follow, max-snippet:-1, max-image-preview:large, max-video-preview:-1\" \/>\n<link rel=\"canonical\" href=\"https:\/\/www.delta-2000.com\/es\/mercados\/\" \/>\n<meta property=\"og:locale\" content=\"es_ES\" \/>\n<meta property=\"og:type\" content=\"article\" \/>\n<meta property=\"og:title\" content=\"Mercados\" \/>\n<meta property=\"og:description\" content=\"Delta2000 en el mundo. Empresa l\u00edder en la producci\u00f3n y el dise\u00f1o de salas blancas para entornos est\u00e9riles.\" \/>\n<meta property=\"og:url\" content=\"https:\/\/www.delta-2000.com\/es\/mercados\/\" \/>\n<meta property=\"og:site_name\" content=\"Delta 2000\" \/>\n<meta property=\"article:modified_time\" content=\"2026-02-05T09:06:21+00:00\" \/>\n<meta property=\"og:image\" content=\"https:\/\/www.delta-2000.com\/wp-content\/uploads\/2025\/10\/produzione-e-progettazione-di-camere-bianche.jpg\" \/>\n\t<meta property=\"og:image:width\" content=\"400\" \/>\n\t<meta property=\"og:image:height\" content=\"400\" \/>\n\t<meta property=\"og:image:type\" content=\"image\/jpeg\" \/>\n<meta name=\"twitter:card\" content=\"summary_large_image\" \/>\n<meta name=\"twitter:label1\" content=\"Tiempo de lectura\" \/>\n\t<meta name=\"twitter:data1\" content=\"2 minutos\" \/>\n<script type=\"application\/ld+json\" class=\"yoast-schema-graph\">{\"@context\":\"https:\\\/\\\/schema.org\",\"@graph\":[{\"@type\":\"WebPage\",\"@id\":\"https:\\\/\\\/www.delta-2000.com\\\/es\\\/mercados\\\/\",\"url\":\"https:\\\/\\\/www.delta-2000.com\\\/es\\\/mercados\\\/\",\"name\":\"Mercati Delta 2000, producci\u00f3n y dise\u00f1o de salas blancas\",\"isPartOf\":{\"@id\":\"https:\\\/\\\/www.delta-2000.com\\\/es\\\/#website\"},\"primaryImageOfPage\":{\"@id\":\"https:\\\/\\\/www.delta-2000.com\\\/es\\\/mercados\\\/#primaryimage\"},\"image\":{\"@id\":\"https:\\\/\\\/www.delta-2000.com\\\/es\\\/mercados\\\/#primaryimage\"},\"thumbnailUrl\":\"https:\\\/\\\/www.delta-2000.com\\\/wp-content\\\/uploads\\\/2025\\\/10\\\/produzione-e-progettazione-di-camere-bianche.jpg\",\"datePublished\":\"2021-10-14T14:21:56+00:00\",\"dateModified\":\"2026-02-05T09:06:21+00:00\",\"description\":\"Delta2000 en el mundo. Empresa l\u00edder en la producci\u00f3n y el dise\u00f1o de salas blancas para entornos est\u00e9riles.\",\"breadcrumb\":{\"@id\":\"https:\\\/\\\/www.delta-2000.com\\\/es\\\/mercados\\\/#breadcrumb\"},\"inLanguage\":\"es\",\"potentialAction\":[{\"@type\":\"ReadAction\",\"target\":[\"https:\\\/\\\/www.delta-2000.com\\\/es\\\/mercados\\\/\"]}]},{\"@type\":\"ImageObject\",\"inLanguage\":\"es\",\"@id\":\"https:\\\/\\\/www.delta-2000.com\\\/es\\\/mercados\\\/#primaryimage\",\"url\":\"https:\\\/\\\/www.delta-2000.com\\\/wp-content\\\/uploads\\\/2025\\\/10\\\/produzione-e-progettazione-di-camere-bianche.jpg\",\"contentUrl\":\"https:\\\/\\\/www.delta-2000.com\\\/wp-content\\\/uploads\\\/2025\\\/10\\\/produzione-e-progettazione-di-camere-bianche.jpg\",\"width\":400,\"height\":400},{\"@type\":\"BreadcrumbList\",\"@id\":\"https:\\\/\\\/www.delta-2000.com\\\/es\\\/mercados\\\/#breadcrumb\",\"itemListElement\":[{\"@type\":\"ListItem\",\"position\":1,\"name\":\"Home\",\"item\":\"https:\\\/\\\/www.delta-2000.com\\\/es\\\/sala-blanca\\\/\"},{\"@type\":\"ListItem\",\"position\":2,\"name\":\"Mercados\"}]},{\"@type\":\"WebSite\",\"@id\":\"https:\\\/\\\/www.delta-2000.com\\\/es\\\/#website\",\"url\":\"https:\\\/\\\/www.delta-2000.com\\\/es\\\/\",\"name\":\"Delta 2000\",\"description\":\"Leader mondiale nella progettazione e produzione di soluzioni per clean room e ambienti a contaminazione controllata\",\"publisher\":{\"@id\":\"https:\\\/\\\/www.delta-2000.com\\\/es\\\/#organization\"},\"potentialAction\":[{\"@type\":\"SearchAction\",\"target\":{\"@type\":\"EntryPoint\",\"urlTemplate\":\"https:\\\/\\\/www.delta-2000.com\\\/es\\\/?s={search_term_string}\"},\"query-input\":{\"@type\":\"PropertyValueSpecification\",\"valueRequired\":true,\"valueName\":\"search_term_string\"}}],\"inLanguage\":\"es\"},{\"@type\":\"Organization\",\"@id\":\"https:\\\/\\\/www.delta-2000.com\\\/es\\\/#organization\",\"name\":\"Delta 2000 S.r.l.\",\"url\":\"https:\\\/\\\/www.delta-2000.com\\\/es\\\/\",\"logo\":{\"@type\":\"ImageObject\",\"inLanguage\":\"es\",\"@id\":\"https:\\\/\\\/www.delta-2000.com\\\/es\\\/#\\\/schema\\\/logo\\\/image\\\/\",\"url\":\"https:\\\/\\\/www.delta-2000.com\\\/wp-content\\\/uploads\\\/2020\\\/09\\\/Delta2000-Logo.jpg\",\"contentUrl\":\"https:\\\/\\\/www.delta-2000.com\\\/wp-content\\\/uploads\\\/2020\\\/09\\\/Delta2000-Logo.jpg\",\"width\":250,\"height\":63,\"caption\":\"Delta 2000 S.r.l.\"},\"image\":{\"@id\":\"https:\\\/\\\/www.delta-2000.com\\\/es\\\/#\\\/schema\\\/logo\\\/image\\\/\"}}]}<\/script>\n<!-- \/ Yoast SEO Premium plugin. -->","yoast_head_json":{"title":"Mercati Delta 2000, producci\u00f3n y dise\u00f1o de salas blancas","description":"Delta2000 en el mundo. Empresa l\u00edder en la producci\u00f3n y el dise\u00f1o de salas blancas para entornos est\u00e9riles.","robots":{"index":"index","follow":"follow","max-snippet":"max-snippet:-1","max-image-preview":"max-image-preview:large","max-video-preview":"max-video-preview:-1"},"canonical":"https:\/\/www.delta-2000.com\/es\/mercados\/","og_locale":"es_ES","og_type":"article","og_title":"Mercados","og_description":"Delta2000 en el mundo. Empresa l\u00edder en la producci\u00f3n y el dise\u00f1o de salas blancas para entornos est\u00e9riles.","og_url":"https:\/\/www.delta-2000.com\/es\/mercados\/","og_site_name":"Delta 2000","article_modified_time":"2026-02-05T09:06:21+00:00","og_image":[{"width":400,"height":400,"url":"https:\/\/www.delta-2000.com\/wp-content\/uploads\/2025\/10\/produzione-e-progettazione-di-camere-bianche.jpg","type":"image\/jpeg"}],"twitter_card":"summary_large_image","twitter_misc":{"Tiempo de lectura":"2 minutos"},"schema":{"@context":"https:\/\/schema.org","@graph":[{"@type":"WebPage","@id":"https:\/\/www.delta-2000.com\/es\/mercados\/","url":"https:\/\/www.delta-2000.com\/es\/mercados\/","name":"Mercati Delta 2000, producci\u00f3n y dise\u00f1o de salas blancas","isPartOf":{"@id":"https:\/\/www.delta-2000.com\/es\/#website"},"primaryImageOfPage":{"@id":"https:\/\/www.delta-2000.com\/es\/mercados\/#primaryimage"},"image":{"@id":"https:\/\/www.delta-2000.com\/es\/mercados\/#primaryimage"},"thumbnailUrl":"https:\/\/www.delta-2000.com\/wp-content\/uploads\/2025\/10\/produzione-e-progettazione-di-camere-bianche.jpg","datePublished":"2021-10-14T14:21:56+00:00","dateModified":"2026-02-05T09:06:21+00:00","description":"Delta2000 en el mundo. Empresa l\u00edder en la producci\u00f3n y el dise\u00f1o de salas blancas para entornos est\u00e9riles.","breadcrumb":{"@id":"https:\/\/www.delta-2000.com\/es\/mercados\/#breadcrumb"},"inLanguage":"es","potentialAction":[{"@type":"ReadAction","target":["https:\/\/www.delta-2000.com\/es\/mercados\/"]}]},{"@type":"ImageObject","inLanguage":"es","@id":"https:\/\/www.delta-2000.com\/es\/mercados\/#primaryimage","url":"https:\/\/www.delta-2000.com\/wp-content\/uploads\/2025\/10\/produzione-e-progettazione-di-camere-bianche.jpg","contentUrl":"https:\/\/www.delta-2000.com\/wp-content\/uploads\/2025\/10\/produzione-e-progettazione-di-camere-bianche.jpg","width":400,"height":400},{"@type":"BreadcrumbList","@id":"https:\/\/www.delta-2000.com\/es\/mercados\/#breadcrumb","itemListElement":[{"@type":"ListItem","position":1,"name":"Home","item":"https:\/\/www.delta-2000.com\/es\/sala-blanca\/"},{"@type":"ListItem","position":2,"name":"Mercados"}]},{"@type":"WebSite","@id":"https:\/\/www.delta-2000.com\/es\/#website","url":"https:\/\/www.delta-2000.com\/es\/","name":"Delta 2000","description":"Leader mondiale nella progettazione e produzione di soluzioni per clean room e ambienti a contaminazione controllata","publisher":{"@id":"https:\/\/www.delta-2000.com\/es\/#organization"},"potentialAction":[{"@type":"SearchAction","target":{"@type":"EntryPoint","urlTemplate":"https:\/\/www.delta-2000.com\/es\/?s={search_term_string}"},"query-input":{"@type":"PropertyValueSpecification","valueRequired":true,"valueName":"search_term_string"}}],"inLanguage":"es"},{"@type":"Organization","@id":"https:\/\/www.delta-2000.com\/es\/#organization","name":"Delta 2000 S.r.l.","url":"https:\/\/www.delta-2000.com\/es\/","logo":{"@type":"ImageObject","inLanguage":"es","@id":"https:\/\/www.delta-2000.com\/es\/#\/schema\/logo\/image\/","url":"https:\/\/www.delta-2000.com\/wp-content\/uploads\/2020\/09\/Delta2000-Logo.jpg","contentUrl":"https:\/\/www.delta-2000.com\/wp-content\/uploads\/2020\/09\/Delta2000-Logo.jpg","width":250,"height":63,"caption":"Delta 2000 S.r.l."},"image":{"@id":"https:\/\/www.delta-2000.com\/es\/#\/schema\/logo\/image\/"}}]}},"_links":{"self":[{"href":"https:\/\/www.delta-2000.com\/es\/wp-json\/wp\/v2\/pages\/15973","targetHints":{"allow":["GET"]}}],"collection":[{"href":"https:\/\/www.delta-2000.com\/es\/wp-json\/wp\/v2\/pages"}],"about":[{"href":"https:\/\/www.delta-2000.com\/es\/wp-json\/wp\/v2\/types\/page"}],"author":[{"embeddable":true,"href":"https:\/\/www.delta-2000.com\/es\/wp-json\/wp\/v2\/users\/5"}],"replies":[{"embeddable":true,"href":"https:\/\/www.delta-2000.com\/es\/wp-json\/wp\/v2\/comments?post=15973"}],"version-history":[{"count":6,"href":"https:\/\/www.delta-2000.com\/es\/wp-json\/wp\/v2\/pages\/15973\/revisions"}],"predecessor-version":[{"id":30638,"href":"https:\/\/www.delta-2000.com\/es\/wp-json\/wp\/v2\/pages\/15973\/revisions\/30638"}],"wp:featuredmedia":[{"embeddable":true,"href":"https:\/\/www.delta-2000.com\/es\/wp-json\/wp\/v2\/media\/29234"}],"wp:attachment":[{"href":"https:\/\/www.delta-2000.com\/es\/wp-json\/wp\/v2\/media?parent=15973"}],"curies":[{"name":"wp","href":"https:\/\/api.w.org\/{rel}","templated":true}]}}